{"id":810,"date":"2026-03-15T12:36:05","date_gmt":"2026-03-15T11:36:05","guid":{"rendered":"https:\/\/tasunka.pl\/?post_type=product&#038;p=810"},"modified":"2026-03-19T12:26:28","modified_gmt":"2026-03-19T11:26:28","slug":"bransoletka-kon-kary-4","status":"publish","type":"product","link":"https:\/\/tasunka.pl\/?product=bransoletka-kon-kary-4","title":{"rendered":"Bransoletka Ko\u0144 Kary"},"content":{"rendered":"<p class=\"gwpf52aed1c_p3\"><span class=\"gwpf52aed1c_s5\">Bransoletka je\u017adziecka <strong>Ko\u0144 Kary<br \/>\n<\/strong><\/span><span class=\"gwpf52aed1c_s3\">Kamienie:\u00a0<\/span><strong><span class=\"gwpf52aed1c_s3\">Pietersyt \u2022 Turmalin \u2022 Spinel \u2022 Muszla bia\u0142a<br \/>\n<\/span><\/strong><span class=\"gwpf52aed1c_s3\">Zawieszka:<\/span><strong><span class=\"gwpf52aed1c_s3\"> z\u0142ote strzemionko<br \/>\n<\/span><\/strong><span class=\"gwpf52aed1c_s3\">Wykonanie:<\/span><strong><span class=\"gwpf52aed1c_s3\"> na sznurku z zapi\u0119ciem makramowym<br \/>\n<\/span><\/strong><\/p>\n<p><strong>Energia:<\/strong> si\u0142a wewn\u0119trzna \u00b7 determinacja \u00b7 ochrona<\/p>\n<p>Ko\u0144 kary to symbol g\u0142\u0119bi, stabilno\u015bci i odwagi, kt\u00f3ra rodzi si\u0119 w ciszy. Niesie energi\u0119 ugruntowania, pewno\u015bci siebie i mocy, kt\u00f3ra pozwala i\u015b\u0107 naprz\u00f3d nawet wtedy, gdy droga nie jest jeszcze widoczna. Przypomina, \u017ce w ka\u017cdej ciemno\u015bci mo\u017cna odnale\u017a\u0107 w\u0142asne \u015bwiat\u0142o.<\/p>\n<p>Bransoletka \u0142\u0105czy w sobie pi\u0119kne energetyczne kamienie naturalne:<br \/>\n\u2022 \ud83c\udf2a\ufe0f pietersyt<br \/>\n\u2022 \ud83d\udda4 turmalin<br \/>\n\u2022 \u2728 spinel<br \/>\n\u2022 \ud83e\udd0d muszla bia\u0142a<\/p>\n<p>Ta bransoletka zosta\u0142a stworzona dla kobiet, kt\u00f3re chc\u0105 poczu\u0107 swoj\u0105 wewn\u0119trzn\u0105 si\u0142\u0119, ochron\u0119 i stabilno\u015b\u0107 nawet w wymagaj\u0105cych momentach.<\/p>\n","protected":false},"excerpt":{"rendered":"<p>Bransoletka <strong>KO\u0143 KARY<br \/>\n<\/strong>ze z\u0142otym strzemionkiem<\/p>\n<p><strong>Wykonanie<\/strong><br \/>\nKamienie naturalne: <strong>Pietersyt \u00b7 Turmalin \u00b7 Spinel \u00b7 Muszla bia\u0142a<\/strong><br \/>\nDetale: <strong>srebro, srebro poz\u0142acane<br \/>\n<\/strong>Na sznurku z zapi\u0119ciem makramowym<\/p>\n<p class=\"gwpadee94ec_p3\">\n","protected":false},"featured_media":811,"comment_status":"open","ping_status":"closed","template":"","meta":[],"product_brand":[17],"product_cat":[67,22],"product_tag":[23,26,24],"class_list":{"0":"post-810","1":"product","2":"type-product","3":"status-publish","4":"has-post-thumbnail","6":"product_brand-tasunka","7":"product_cat-bransoletki","8":"product_cat-kolekcja-jezdziecka","9":"product_tag-bizuteria","10":"product_tag-bransoletki","11":"product_tag-kamienie-naturalne","12":"product_shipping_class-8x8x2","14":"first","15":"instock","16":"taxable","17":"shipping-taxable","18":"purchasable","19":"product-type-simple"},"jetpack_sharing_enabled":true,"_links":{"self":[{"href":"https:\/\/tasunka.pl\/index.php?rest_route=\/wp\/v2\/product\/810","targetHints":{"allow":["GET"]}}],"collection":[{"href":"https:\/\/tasunka.pl\/index.php?rest_route=\/wp\/v2\/product"}],"about":[{"href":"https:\/\/tasunka.pl\/index.php?rest_route=\/wp\/v2\/types\/product"}],"replies":[{"embeddable":true,"href":"https:\/\/tasunka.pl\/index.php?rest_route=%2Fwp%2Fv2%2Fcomments&post=810"}],"wp:featuredmedia":[{"embeddable":true,"href":"https:\/\/tasunka.pl\/index.php?rest_route=\/wp\/v2\/media\/811"}],"wp:attachment":[{"href":"https:\/\/tasunka.pl\/index.php?rest_route=%2Fwp%2Fv2%2Fmedia&parent=810"}],"wp:term":[{"taxonomy":"product_brand","embeddable":true,"href":"https:\/\/tasunka.pl\/index.php?rest_route=%2Fwp%2Fv2%2Fproduct_brand&post=810"},{"taxonomy":"product_cat","embeddable":true,"href":"https:\/\/tasunka.pl\/index.php?rest_route=%2Fwp%2Fv2%2Fproduct_cat&post=810"},{"taxonomy":"product_tag","embeddable":true,"href":"https:\/\/tasunka.pl\/index.php?rest_route=%2Fwp%2Fv2%2Fproduct_tag&post=810"}],"curies":[{"name":"wp","href":"https:\/\/api.w.org\/{rel}","templated":true}]}}