{"id":808,"date":"2026-03-15T12:31:20","date_gmt":"2026-03-15T11:31:20","guid":{"rendered":"https:\/\/tasunka.pl\/?post_type=product&#038;p=808"},"modified":"2026-03-15T12:33:06","modified_gmt":"2026-03-15T11:33:06","slug":"bransoletka-kon-skarogniady-4","status":"publish","type":"product","link":"https:\/\/tasunka.pl\/?product=bransoletka-kon-skarogniady-4","title":{"rendered":"Bransoletka Ko\u0144 Skarogniady"},"content":{"rendered":"<p class=\"gwpf52aed1c_p3\"><span class=\"gwpf52aed1c_s5\">Bransoletka je\u017adziecka <strong>Ko\u0144 Skarogniady<br \/>\n<\/strong><\/span><span class=\"gwpf52aed1c_s3\">Kamienie:\u00a0<\/span><strong>Pietersyt \u2022 Turmalin \u2022 Spinel \u2022 Muszla bia\u0142a<br \/>\n<\/strong>Zawieszka:<strong> z\u0142ote strzemionko<br \/>\n<\/strong>Wykonanie:<strong> na sznurku z zapi\u0119ciem makramowym<br \/>\n<\/strong><\/p>\n<p><strong>Energia:<\/strong> stabilno\u015b\u0107 \u00b7 pasja \u00b7 moc serca<\/p>\n<p>Ko\u0144 skarogniady \u0142\u0105czy w sobie si\u0142\u0119 ziemi i ogie\u0144 dzia\u0142ania. To symbol ugruntowania, odwagi i wewn\u0119trznej nami\u0119tno\u015bci, kt\u00f3ra daje energi\u0119 do realizacji w\u0142asnej drogi. Przypomina, \u017ce prawdziwa si\u0142a rodzi si\u0119 wtedy, gdy fundament i serce dzia\u0142aj\u0105 razem.<\/p>\n<p>Bransoletka \u0142\u0105czy w sobie pi\u0119kne energetyczne kamienie naturalne:<br \/>\n\u2022 \ud83c\udf2a\ufe0f pietersyt<br \/>\n\u2022 \ud83d\udda4 turmalin<br \/>\n\u2022 \u2728 spinel<br \/>\n\u2022 \ud83e\udd0d muszla bia\u0142a<\/p>\n<p>Ta bransoletka zosta\u0142a stworzona dla kobiet, kt\u00f3re chc\u0105 dzia\u0142a\u0107 z pasj\u0105, ale jednocze\u015bnie zachowa\u0107 stabilno\u015b\u0107 i wewn\u0119trzne ugruntowanie.<\/p>\n","protected":false},"excerpt":{"rendered":"<p>Bransoletka <strong>KO\u0143 SKAROGNIADY<br \/>\n<\/strong>z zawieszk\u0105 z\u0142ote strzemionko<\/p>\n<p><strong>Wykonanie<\/strong><br \/>\nKamienie naturalne: <strong>Pietersyt \u00b7 Turmalin \u00b7 Spinel \u00b7 Muszla bia\u0142a<\/strong><br \/>\nDetale: <strong>srebro poz\u0142acane<br \/>\n<\/strong>Na sznurku z zapi\u0119ciem makramowym<\/p>\n<p class=\"gwpadee94ec_p3\">\n","protected":false},"featured_media":802,"comment_status":"open","ping_status":"closed","template":"","meta":[],"product_brand":[17],"product_cat":[22],"product_tag":[23,26,24],"class_list":{"0":"post-808","1":"product","2":"type-product","3":"status-publish","4":"has-post-thumbnail","6":"product_brand-tasunka","7":"product_cat-kolekcja-jezdziecka","8":"product_tag-bizuteria","9":"product_tag-bransoletki","10":"product_tag-kamienie-naturalne","11":"product_shipping_class-8x8x2","13":"first","14":"instock","15":"taxable","16":"shipping-taxable","17":"purchasable","18":"product-type-simple"},"jetpack_sharing_enabled":true,"_links":{"self":[{"href":"https:\/\/tasunka.pl\/index.php?rest_route=\/wp\/v2\/product\/808","targetHints":{"allow":["GET"]}}],"collection":[{"href":"https:\/\/tasunka.pl\/index.php?rest_route=\/wp\/v2\/product"}],"about":[{"href":"https:\/\/tasunka.pl\/index.php?rest_route=\/wp\/v2\/types\/product"}],"replies":[{"embeddable":true,"href":"https:\/\/tasunka.pl\/index.php?rest_route=%2Fwp%2Fv2%2Fcomments&post=808"}],"wp:featuredmedia":[{"embeddable":true,"href":"https:\/\/tasunka.pl\/index.php?rest_route=\/wp\/v2\/media\/802"}],"wp:attachment":[{"href":"https:\/\/tasunka.pl\/index.php?rest_route=%2Fwp%2Fv2%2Fmedia&parent=808"}],"wp:term":[{"taxonomy":"product_brand","embeddable":true,"href":"https:\/\/tasunka.pl\/index.php?rest_route=%2Fwp%2Fv2%2Fproduct_brand&post=808"},{"taxonomy":"product_cat","embeddable":true,"href":"https:\/\/tasunka.pl\/index.php?rest_route=%2Fwp%2Fv2%2Fproduct_cat&post=808"},{"taxonomy":"product_tag","embeddable":true,"href":"https:\/\/tasunka.pl\/index.php?rest_route=%2Fwp%2Fv2%2Fproduct_tag&post=808"}],"curies":[{"name":"wp","href":"https:\/\/api.w.org\/{rel}","templated":true}]}}