{"id":807,"date":"2026-03-15T12:27:04","date_gmt":"2026-03-15T11:27:04","guid":{"rendered":"https:\/\/tasunka.pl\/?post_type=product&#038;p=807"},"modified":"2026-03-19T12:26:28","modified_gmt":"2026-03-19T11:26:28","slug":"bransoletka-kon-kasztan-copy","status":"publish","type":"product","link":"https:\/\/tasunka.pl\/?product=bransoletka-kon-kasztan-copy","title":{"rendered":"Bransoletka Ko\u0144 Kasztan"},"content":{"rendered":"<p class=\"gwpf52aed1c_p3\"><span class=\"gwpf52aed1c_s5\">Bransoletka je\u017adziecka <strong>Ko\u0144 Kasztan<br \/>\n<\/strong><\/span><span class=\"gwpf52aed1c_s3\">Kamienie:\u00a0<\/span><strong>Granat pomara\u0144czowy \u2022 Karneol \u2022 Muszla bia\u0142a<br \/>\n<\/strong>Zawieszka:<strong> z\u0142ote strzemionko<br \/>\n<\/strong>Wykonanie: <strong>na sznurku z zapi\u0119ciem makramowym<br \/>\n<\/strong><\/p>\n<p><strong>Energia:<\/strong> ciep\u0142o \u00b7 \u017cyciowa si\u0142a \u00b7 otwarto\u015b\u0107 serca<\/p>\n<p>Ko\u0144 kasztanowy niesie energi\u0119 s\u0142o\u0144ca, \u017cywotno\u015bci i naturalnej odwagi. Symbolizuje ruch, rado\u015b\u0107 \u017cycia i wewn\u0119trzne ciep\u0142o, kt\u00f3re pozwala dzia\u0142a\u0107 z otwartym sercem. To energia, kt\u00f3ra przypomina, \u017ce wra\u017cliwo\u015b\u0107 i si\u0142a mog\u0105 i\u015b\u0107 razem.<\/p>\n<p>Bransoletka \u0142\u0105czy w sobie pi\u0119kne energetyczne kamienie naturalne:<br \/>\n\u2022 \ud83e\udde1 granat pomara\u0144czowy<br \/>\n\u2022 \ud83d\udd36 karneol<br \/>\n\u2022 \ud83e\udd0d muszla bia\u0142a<\/p>\n<p>Ta bransoletka zosta\u0142a stworzona dla kobiet, kt\u00f3re chc\u0105 wzmocni\u0107 swoj\u0105 energi\u0119, odwag\u0119 dzia\u0142ania i rado\u015b\u0107 p\u0142yn\u0105c\u0105 z bycia sob\u0105.<\/p>\n","protected":false},"excerpt":{"rendered":"<p>Bransoletka <strong>KO\u0143 KASZTAN<br \/>\n<\/strong>z zawieszk\u0105 z\u0142ote strzemionko<\/p>\n<p><strong>Wykonanie<\/strong><br \/>\nKamienie naturalne: <strong>Granat pomara\u0144czowy \u2022 Karneol \u2022 Muszla bia\u0142a<\/strong><br \/>\nDetale: <strong>srebro poz\u0142acane<br \/>\n<\/strong>Na sznurku z zapi\u0119ciem makramowym<\/p>\n<p class=\"gwpadee94ec_p3\">\n","protected":false},"featured_media":800,"comment_status":"open","ping_status":"closed","template":"","meta":[],"product_brand":[17],"product_cat":[67,22],"product_tag":[23,26,24],"class_list":{"0":"post-807","1":"product","2":"type-product","3":"status-publish","4":"has-post-thumbnail","6":"product_brand-tasunka","7":"product_cat-bransoletki","8":"product_cat-kolekcja-jezdziecka","9":"product_tag-bizuteria","10":"product_tag-bransoletki","11":"product_tag-kamienie-naturalne","12":"product_shipping_class-8x8x2","14":"first","15":"instock","16":"taxable","17":"shipping-taxable","18":"purchasable","19":"product-type-simple"},"jetpack_sharing_enabled":true,"_links":{"self":[{"href":"https:\/\/tasunka.pl\/index.php?rest_route=\/wp\/v2\/product\/807","targetHints":{"allow":["GET"]}}],"collection":[{"href":"https:\/\/tasunka.pl\/index.php?rest_route=\/wp\/v2\/product"}],"about":[{"href":"https:\/\/tasunka.pl\/index.php?rest_route=\/wp\/v2\/types\/product"}],"replies":[{"embeddable":true,"href":"https:\/\/tasunka.pl\/index.php?rest_route=%2Fwp%2Fv2%2Fcomments&post=807"}],"wp:featuredmedia":[{"embeddable":true,"href":"https:\/\/tasunka.pl\/index.php?rest_route=\/wp\/v2\/media\/800"}],"wp:attachment":[{"href":"https:\/\/tasunka.pl\/index.php?rest_route=%2Fwp%2Fv2%2Fmedia&parent=807"}],"wp:term":[{"taxonomy":"product_brand","embeddable":true,"href":"https:\/\/tasunka.pl\/index.php?rest_route=%2Fwp%2Fv2%2Fproduct_brand&post=807"},{"taxonomy":"product_cat","embeddable":true,"href":"https:\/\/tasunka.pl\/index.php?rest_route=%2Fwp%2Fv2%2Fproduct_cat&post=807"},{"taxonomy":"product_tag","embeddable":true,"href":"https:\/\/tasunka.pl\/index.php?rest_route=%2Fwp%2Fv2%2Fproduct_tag&post=807"}],"curies":[{"name":"wp","href":"https:\/\/api.w.org\/{rel}","templated":true}]}}