{"id":791,"date":"2026-03-15T12:03:51","date_gmt":"2026-03-15T11:03:51","guid":{"rendered":"https:\/\/tasunka.pl\/?post_type=product&#038;p=791"},"modified":"2026-03-15T12:24:35","modified_gmt":"2026-03-15T11:24:35","slug":"bransoletka-kon-siwy-4","status":"publish","type":"product","link":"https:\/\/tasunka.pl\/?product=bransoletka-kon-siwy-4","title":{"rendered":"Bransoletka Ko\u0144 Siwy"},"content":{"rendered":"<p class=\"gwpf52aed1c_p3\"><span class=\"gwpf52aed1c_s5\">Bransoletka je\u017adziecka <strong>Ko\u0144 Siwy<br \/>\n<\/strong><\/span><span class=\"gwpf52aed1c_s3\">Kamienie:\u00a0<\/span><strong>Agat \u2022 Szafir \u2022 Muszla bia\u0142a<br \/>\n<\/strong>Zawieszka:<strong> z\u0142ote strzemionko<br \/>\n<\/strong>Wykonanie:<strong> na sznurku z zapi\u0119ciem makramowym<\/strong><\/p>\n<p><strong>Energia:<\/strong> wolno\u015b\u0107 \u00b7 wierno\u015b\u0107 \u00b7 wewn\u0119trzne \u015bwiat\u0142o<\/p>\n<p>Ko\u0144 siwy symbolizuje wolnego ducha, m\u0105dro\u015b\u0107 do\u015bwiadczenia i spokojn\u0105 si\u0142\u0119. To energia drogi, kt\u00f3ra prowadzi pewnie nawet wtedy, gdy wszystko jeszcze spowija mg\u0142a. Przypomina, \u017ce prawdziwa wolno\u015b\u0107 i pewno\u015b\u0107 zawsze zaczynaj\u0105 si\u0119 w \u015brodku.<\/p>\n<p>Bransoletka \u0142\u0105czy w sobie pi\u0119kne energetyczne kamienie naturalne:<br \/>\n\u2022 \ud83e\ude76 agat szary<br \/>\n\u2022 \ud83d\udc99 szafir<br \/>\n\u2022 \ud83e\udd0d muszla bia\u0142a<\/p>\n<p>Ta bransoletka zosta\u0142a stworzona dla kobiet, kt\u00f3re chc\u0105 i\u015b\u0107 w\u0142asn\u0105 drog\u0105, zachowa\u0107 wierno\u015b\u0107 sobie i poczu\u0107 swoj\u0105 wewn\u0119trzn\u0105 niezale\u017cno\u015b\u0107.<\/p>\n","protected":false},"excerpt":{"rendered":"<p>Bransoletka <strong>KO\u0143 SIWY<br \/>\n<\/strong>z zawieszk\u0105 z\u0142ote strzemionko<\/p>\n<p><strong>Wykonanie<\/strong><br \/>\nKamienie naturalne: <strong>Agat \u2022 Szafir \u2022 Muszla bia\u0142a<\/strong><br \/>\nDetale: <strong>srebro poz\u0142acane<br \/>\n<\/strong>Na sznurku z zapi\u0119ciem makramowym<\/p>\n","protected":false},"featured_media":801,"comment_status":"open","ping_status":"closed","template":"","meta":[],"product_brand":[17],"product_cat":[22],"product_tag":[23,26,24],"class_list":{"0":"post-791","1":"product","2":"type-product","3":"status-publish","4":"has-post-thumbnail","6":"product_brand-tasunka","7":"product_cat-kolekcja-jezdziecka","8":"product_tag-bizuteria","9":"product_tag-bransoletki","10":"product_tag-kamienie-naturalne","11":"product_shipping_class-8x8x2","13":"first","14":"instock","15":"taxable","16":"shipping-taxable","17":"purchasable","18":"product-type-simple"},"jetpack_sharing_enabled":true,"_links":{"self":[{"href":"https:\/\/tasunka.pl\/index.php?rest_route=\/wp\/v2\/product\/791","targetHints":{"allow":["GET"]}}],"collection":[{"href":"https:\/\/tasunka.pl\/index.php?rest_route=\/wp\/v2\/product"}],"about":[{"href":"https:\/\/tasunka.pl\/index.php?rest_route=\/wp\/v2\/types\/product"}],"replies":[{"embeddable":true,"href":"https:\/\/tasunka.pl\/index.php?rest_route=%2Fwp%2Fv2%2Fcomments&post=791"}],"wp:featuredmedia":[{"embeddable":true,"href":"https:\/\/tasunka.pl\/index.php?rest_route=\/wp\/v2\/media\/801"}],"wp:attachment":[{"href":"https:\/\/tasunka.pl\/index.php?rest_route=%2Fwp%2Fv2%2Fmedia&parent=791"}],"wp:term":[{"taxonomy":"product_brand","embeddable":true,"href":"https:\/\/tasunka.pl\/index.php?rest_route=%2Fwp%2Fv2%2Fproduct_brand&post=791"},{"taxonomy":"product_cat","embeddable":true,"href":"https:\/\/tasunka.pl\/index.php?rest_route=%2Fwp%2Fv2%2Fproduct_cat&post=791"},{"taxonomy":"product_tag","embeddable":true,"href":"https:\/\/tasunka.pl\/index.php?rest_route=%2Fwp%2Fv2%2Fproduct_tag&post=791"}],"curies":[{"name":"wp","href":"https:\/\/api.w.org\/{rel}","templated":true}]}}