{"id":67,"date":"2025-12-01T22:55:53","date_gmt":"2025-12-01T21:55:53","guid":{"rendered":"https:\/\/tasunka.pl\/?post_type=product&#038;p=67"},"modified":"2026-01-06T11:29:42","modified_gmt":"2026-01-06T10:29:42","slug":"bransoletka-milosc-i-szescie","status":"publish","type":"product","link":"https:\/\/tasunka.pl\/?product=bransoletka-milosc-i-szescie","title":{"rendered":"Bransoletka Mi\u0142o\u015b\u0107 i Szcz\u0119\u015bcie"},"content":{"rendered":"<p>Bransoletka z kamieni naturalnych <strong>Mi\u0142o\u015b\u0107 i Szcz\u0119\u015bcie<\/strong><br \/>\nKamienie: <strong>Rubin \u2022 Cytryn \u2022 Granat<\/strong><\/p>\n<p><strong>Mi\u0142o\u015b\u0107<\/strong>, kt\u00f3ra rozpala serce. <strong>Szcz\u0119\u015bcie<\/strong>, kt\u00f3re roz\u015bwietla ka\u017cdy dzie\u0144.<br \/>\nZaprojektowana z my\u015bl\u0105 o osobach, kt\u00f3re pragn\u0105 wnie\u015b\u0107 do swojego \u017cycia wi\u0119cej ciep\u0142a, rado\u015bci i autentycznych emocji. Ta bransoletka \u0142\u0105czy w sobie trzy wyj\u0105tkowe kamienie naturalne \u2014 ka\u017cdy z nich niesie inn\u0105, niezwykle warto\u015bciow\u0105 energi\u0119:<br \/>\n\ud83d\udd34\u00a0<strong>Rubin\u00a0<\/strong>\u2013 kamie\u0144 nami\u0119tno\u015bci, wewn\u0119trznego ognia i odwagi kochania. Pomaga otworzy\u0107 si\u0119 na prawdziwe uczucia i przyci\u0105ga relacje oparte na g\u0142\u0119bokim po\u0142\u0105czeniu.<br \/>\n\ud83d\udfe1\u00a0<strong>Cytryn\u00a0<\/strong>\u2013 promie\u0144 s\u0142o\u0144ca zamkni\u0119ty w kamieniu. Wnosi optymizm, rado\u015b\u0107 i lekko\u015b\u0107 bycia. Pomaga zauwa\u017ca\u0107 dobro wok\u00f3\u0142 i cieszy\u0107 si\u0119 ka\u017cd\u0105 chwil\u0105.<br \/>\n\ud83d\udfe5\u00a0<strong>Granat\u00a0<\/strong>\u2013 symbol lojalno\u015bci i g\u0142\u0119bokiej mi\u0142o\u015bci. Wspiera w budowaniu silnych, trwa\u0142ych relacji, przyci\u0105ga blisko\u015b\u0107 i emocjonalne bezpiecze\u0144stwo.<br \/>\nNoszona z intencj\u0105 otwartego serca, <strong>bransoletka\u00a0Mi\u0142o\u015b\u0107 i Szcz\u0119\u015bcie<\/strong>\u00a0mo\u017ce sta\u0107 si\u0119 Twoim osobistym talizmanem \u2014 wspieraj\u0105cym w tworzeniu relacji pe\u0142nych czu\u0142o\u015bci, rado\u015bci i wzajemnego zrozumienia.<\/p>\n","protected":false},"excerpt":{"rendered":"<p>Bransoletka z intencj\u0105<br \/>\nMi\u0142o\u015b\u0107 i Szcz\u0119\u015bcie<\/p>\n<p class=\"gwpadee94ec_p3\"><span class=\"gwpadee94ec_s2\">Rubin \u2022 Cytryn \u2022 Granat<br \/>\nBransoletka na lince z zapi\u0119ciem makramowym<\/span><\/p>\n<p>Wykonanie:<br \/>\nKamienie naturalne<br \/>\nElementy ze stali szlachetnej poz\u0142acanej<\/p>\n<p class=\"gwpadee94ec_p3\">\n","protected":false},"featured_media":237,"comment_status":"open","ping_status":"closed","template":"","meta":[],"product_brand":[17],"product_cat":[21],"product_tag":[23,25,26,24],"class_list":{"0":"post-67","1":"product","2":"type-product","3":"status-publish","4":"has-post-thumbnail","6":"product_brand-tasunka","7":"product_cat-bizuteria-z-intencja","8":"product_tag-bizuteria","9":"product_tag-bizuteria-z-intencja","10":"product_tag-bransoletki","11":"product_tag-kamienie-naturalne","13":"first","14":"instock","15":"taxable","16":"shipping-taxable","17":"purchasable","18":"product-type-simple"},"jetpack_sharing_enabled":true,"_links":{"self":[{"href":"https:\/\/tasunka.pl\/index.php?rest_route=\/wp\/v2\/product\/67","targetHints":{"allow":["GET"]}}],"collection":[{"href":"https:\/\/tasunka.pl\/index.php?rest_route=\/wp\/v2\/product"}],"about":[{"href":"https:\/\/tasunka.pl\/index.php?rest_route=\/wp\/v2\/types\/product"}],"replies":[{"embeddable":true,"href":"https:\/\/tasunka.pl\/index.php?rest_route=%2Fwp%2Fv2%2Fcomments&post=67"}],"wp:featuredmedia":[{"embeddable":true,"href":"https:\/\/tasunka.pl\/index.php?rest_route=\/wp\/v2\/media\/237"}],"wp:attachment":[{"href":"https:\/\/tasunka.pl\/index.php?rest_route=%2Fwp%2Fv2%2Fmedia&parent=67"}],"wp:term":[{"taxonomy":"product_brand","embeddable":true,"href":"https:\/\/tasunka.pl\/index.php?rest_route=%2Fwp%2Fv2%2Fproduct_brand&post=67"},{"taxonomy":"product_cat","embeddable":true,"href":"https:\/\/tasunka.pl\/index.php?rest_route=%2Fwp%2Fv2%2Fproduct_cat&post=67"},{"taxonomy":"product_tag","embeddable":true,"href":"https:\/\/tasunka.pl\/index.php?rest_route=%2Fwp%2Fv2%2Fproduct_tag&post=67"}],"curies":[{"name":"wp","href":"https:\/\/api.w.org\/{rel}","templated":true}]}}