{"id":660,"date":"2026-02-22T22:18:39","date_gmt":"2026-02-22T21:18:39","guid":{"rendered":"https:\/\/tasunka.pl\/?post_type=product&#038;p=660"},"modified":"2026-02-22T22:25:35","modified_gmt":"2026-02-22T21:25:35","slug":"bransoletka-kon-gniady-3","status":"publish","type":"product","link":"https:\/\/tasunka.pl\/?product=bransoletka-kon-gniady-3","title":{"rendered":"Bransoletka Ko\u0144 Gniady"},"content":{"rendered":"<p class=\"gwpf52aed1c_p3\"><span class=\"gwpf52aed1c_s5\">Bransoletka je\u017adziecka <strong>Ko\u0144 Gniady<br \/>\n<\/strong><\/span><span class=\"gwpf52aed1c_s3\">Kamienie:\u00a0<\/span><strong>Pietersyt \u2022 Tygrysie oko \u2022 Muszla bia\u0142a<br \/>\n<\/strong>Dodatki: <strong>z\u0142ote w\u0119dzide\u0142ko<\/strong><\/p>\n<p><strong>Energia:<\/strong> r\u00f3wnowaga \u00b7 si\u0142a \u00b7 stabilno\u015b\u0107<\/p>\n<p>Ko\u0144 gniady niesie energi\u0119 harmonii mi\u0119dzy \u017cywio\u0142ami \u2014 ognia i ziemi, ruchu i spokoju. Symbolizuje wytrwa\u0142o\u015b\u0107, pewno\u015b\u0107 kroku i zdolno\u015b\u0107 zachowania r\u00f3wnowagi nawet w zmianie. To energia, kt\u00f3ra pozwala i\u015b\u0107 naprz\u00f3d spokojnie, ale zdecydowanie.<\/p>\n<p>Bransoletka \u0142\u0105czy w sobie pi\u0119kne energetyczne kamienie naturalne:<br \/>\n\u2022 \ud83c\udf2a\ufe0f pietersyt<br \/>\n\u2022 \ud83d\udfe4 tygrysie oko<br \/>\n\u2022 \ud83e\udd0d muszla bia\u0142a<\/p>\n<p>Ta bransoletka zosta\u0142a stworzona dla kobiet, kt\u00f3re szukaj\u0105 r\u00f3wnowagi, stabilno\u015bci i spokojnej si\u0142y w codziennym dzia\u0142aniu.<\/p>\n","protected":false},"excerpt":{"rendered":"<p>Bransoletka <strong>KO\u0143 GNIADY<br \/>\n<\/strong>pe\u0142na z \u0142a\u0144cuszkiem i w\u0119dzide\u0142kiem<\/p>\n<p><strong>Wykonanie<\/strong><br \/>\nKamienie naturalne: <strong>Pietersyt \u00b7 Tygrysie oko \u00b7 Muszla bia\u0142a<\/strong><br \/>\nDetale: <strong>srebro poz\u0142acane<\/strong><br \/>\nNa lince stalowej z karabi\u0144czykiem<\/p>\n<p class=\"gwpadee94ec_p3\">\n","protected":false},"featured_media":654,"comment_status":"open","ping_status":"closed","template":"","meta":[],"product_brand":[17],"product_cat":[22],"product_tag":[23,26,24],"class_list":{"0":"post-660","1":"product","2":"type-product","3":"status-publish","4":"has-post-thumbnail","6":"product_brand-tasunka","7":"product_cat-kolekcja-jezdziecka","8":"product_tag-bizuteria","9":"product_tag-bransoletki","10":"product_tag-kamienie-naturalne","11":"product_shipping_class-8x8x2","13":"first","14":"instock","15":"taxable","16":"shipping-taxable","17":"purchasable","18":"product-type-simple"},"jetpack_sharing_enabled":true,"_links":{"self":[{"href":"https:\/\/tasunka.pl\/index.php?rest_route=\/wp\/v2\/product\/660","targetHints":{"allow":["GET"]}}],"collection":[{"href":"https:\/\/tasunka.pl\/index.php?rest_route=\/wp\/v2\/product"}],"about":[{"href":"https:\/\/tasunka.pl\/index.php?rest_route=\/wp\/v2\/types\/product"}],"replies":[{"embeddable":true,"href":"https:\/\/tasunka.pl\/index.php?rest_route=%2Fwp%2Fv2%2Fcomments&post=660"}],"wp:featuredmedia":[{"embeddable":true,"href":"https:\/\/tasunka.pl\/index.php?rest_route=\/wp\/v2\/media\/654"}],"wp:attachment":[{"href":"https:\/\/tasunka.pl\/index.php?rest_route=%2Fwp%2Fv2%2Fmedia&parent=660"}],"wp:term":[{"taxonomy":"product_brand","embeddable":true,"href":"https:\/\/tasunka.pl\/index.php?rest_route=%2Fwp%2Fv2%2Fproduct_brand&post=660"},{"taxonomy":"product_cat","embeddable":true,"href":"https:\/\/tasunka.pl\/index.php?rest_route=%2Fwp%2Fv2%2Fproduct_cat&post=660"},{"taxonomy":"product_tag","embeddable":true,"href":"https:\/\/tasunka.pl\/index.php?rest_route=%2Fwp%2Fv2%2Fproduct_tag&post=660"}],"curies":[{"name":"wp","href":"https:\/\/api.w.org\/{rel}","templated":true}]}}