{"id":633,"date":"2026-02-22T14:41:59","date_gmt":"2026-02-22T13:41:59","guid":{"rendered":"https:\/\/tasunka.pl\/?post_type=product&#038;p=633"},"modified":"2026-02-22T14:44:19","modified_gmt":"2026-02-22T13:44:19","slug":"bransoletka-kon-bialy-2","status":"publish","type":"product","link":"https:\/\/tasunka.pl\/?product=bransoletka-kon-bialy-2","title":{"rendered":"Bransoletka Ko\u0144 Bia\u0142y"},"content":{"rendered":"<p class=\"gwpf52aed1c_p3\"><span class=\"gwpf52aed1c_s5\">Bransoletka je\u017adziecka <strong>Ko\u0144 Bia\u0142y<br \/>\n<\/strong><\/span><span class=\"gwpf52aed1c_s3\">Kamienie:\u00a0<\/span><strong>Kamie\u0144 ksi\u0119\u017cycowy \u2022 Muszla bia\u0142a<br \/>\n<\/strong>Zawieszka:<strong> z\u0142oty konik<\/strong><\/p>\n<p><strong>Energia:<\/strong> czysto\u015b\u0107 \u00b7 spok\u00f3j \u00b7 intuicja<\/p>\n<p>Ko\u0144 bia\u0142y to symbol \u015bwiat\u0142a, \u0142agodno\u015bci i duchowego prowadzenia. Niesie energi\u0119 nadziei, harmonii oraz wewn\u0119trznego spokoju, kt\u00f3ry pomaga s\u0142ucha\u0107 w\u0142asnego serca. Przypomina o sile czystej intencji i zaufaniu do w\u0142asnej drogi.<\/p>\n<p>Bransoletka \u0142\u0105czy w sobie pi\u0119kne energetyczne kamienie naturalne:<br \/>\n\u2022 \ud83c\udf19 kamie\u0144 ksi\u0119\u017cycowy<br \/>\n\u2022 \ud83e\udd0d muszla bia\u0142a<\/p>\n<p>Ta bransoletka zosta\u0142a stworzona dla kobiet, kt\u00f3re chc\u0105 pog\u0142\u0119bi\u0107 kontakt z intuicj\u0105, odnale\u017a\u0107 spok\u00f3j i dzia\u0142a\u0107 w zgodzie ze swoim wn\u0119trzem.<\/p>\n","protected":false},"excerpt":{"rendered":"<p>Bransoletka <strong>KO\u0143 BIA\u0141Y<br \/>\n<\/strong>pe\u0142na z \u0142a\u0144cuszkiem i zawieszk\u0105<\/p>\n<p><strong>Wykonanie<\/strong><br \/>\nKamienie naturalne: <strong>Kamie\u0144 ksi\u0119\u017cycowy \u2022 Muszla bia\u0142a<\/strong><br \/>\nDetale: <strong>srebro poz\u0142acane<br \/>\n<\/strong>Na lince stalowej z karabi\u0144czykiem<\/p>\n","protected":false},"featured_media":283,"comment_status":"open","ping_status":"closed","template":"","meta":[],"product_brand":[17],"product_cat":[22],"product_tag":[23,26,24],"class_list":{"0":"post-633","1":"product","2":"type-product","3":"status-publish","4":"has-post-thumbnail","6":"product_brand-tasunka","7":"product_cat-kolekcja-jezdziecka","8":"product_tag-bizuteria","9":"product_tag-bransoletki","10":"product_tag-kamienie-naturalne","11":"product_shipping_class-8x8x2","13":"first","14":"instock","15":"taxable","16":"shipping-taxable","17":"purchasable","18":"product-type-simple"},"jetpack_sharing_enabled":true,"_links":{"self":[{"href":"https:\/\/tasunka.pl\/index.php?rest_route=\/wp\/v2\/product\/633","targetHints":{"allow":["GET"]}}],"collection":[{"href":"https:\/\/tasunka.pl\/index.php?rest_route=\/wp\/v2\/product"}],"about":[{"href":"https:\/\/tasunka.pl\/index.php?rest_route=\/wp\/v2\/types\/product"}],"replies":[{"embeddable":true,"href":"https:\/\/tasunka.pl\/index.php?rest_route=%2Fwp%2Fv2%2Fcomments&post=633"}],"wp:featuredmedia":[{"embeddable":true,"href":"https:\/\/tasunka.pl\/index.php?rest_route=\/wp\/v2\/media\/283"}],"wp:attachment":[{"href":"https:\/\/tasunka.pl\/index.php?rest_route=%2Fwp%2Fv2%2Fmedia&parent=633"}],"wp:term":[{"taxonomy":"product_brand","embeddable":true,"href":"https:\/\/tasunka.pl\/index.php?rest_route=%2Fwp%2Fv2%2Fproduct_brand&post=633"},{"taxonomy":"product_cat","embeddable":true,"href":"https:\/\/tasunka.pl\/index.php?rest_route=%2Fwp%2Fv2%2Fproduct_cat&post=633"},{"taxonomy":"product_tag","embeddable":true,"href":"https:\/\/tasunka.pl\/index.php?rest_route=%2Fwp%2Fv2%2Fproduct_tag&post=633"}],"curies":[{"name":"wp","href":"https:\/\/api.w.org\/{rel}","templated":true}]}}