{"id":624,"date":"2026-02-22T11:17:57","date_gmt":"2026-02-22T10:17:57","guid":{"rendered":"https:\/\/tasunka.pl\/?post_type=product&#038;p=624"},"modified":"2026-02-22T11:27:17","modified_gmt":"2026-02-22T10:27:17","slug":"bransoletka-ryby","status":"publish","type":"product","link":"https:\/\/tasunka.pl\/?product=bransoletka-ryby","title":{"rendered":"Bransoletka Ryby"},"content":{"rendered":"<p class=\"gwpf52aed1c_p3\"><span class=\"gwpf52aed1c_s5\">Bransoletka zodiakalna <strong>Ryby<br \/>\n<\/strong><\/span><span class=\"gwpf52aed1c_s3\">Kamienie: <strong>Akwamaryn<\/strong><\/span><strong><span class=\"gwpf52aed1c_s3\"> \u2022 Kamie\u0144 ksi\u0119\u017cycowy<\/span><\/strong><\/p>\n<p>Ryby to znak niezwykle wra\u017cliwy, intuicyjny i g\u0142\u0119boko emocjonalny. Osoby spod tego znaku kieruj\u0105 si\u0119 sercem, maj\u0105 bogaty \u015bwiat wewn\u0119trzny i naturaln\u0105 zdolno\u015b\u0107 wyczuwania nastroj\u00f3w oraz energii wok\u00f3\u0142 siebie. Ich si\u0142\u0105 jest empatia, wyobra\u017ania oraz umiej\u0119tno\u015b\u0107 patrzenia na \u015bwiat z ogromn\u0105 uwa\u017cno\u015bci\u0105.<\/p>\n<p class=\"gwpf52aed1c_p3\"><span class=\"gwpf52aed1c_s3\">Ta bransoletka \u0142\u0105czy w sobie dwa kamienie o wyj\u0105tkowej energii:<br \/>\n<\/span><\/p>\n<p>\ud83d\udca7 <strong>Akwamaryn<\/strong> \u2013 kamie\u0144 spokoju i harmonii. Pomaga wyciszy\u0107 emocje, uporz\u0105dkowa\u0107 my\u015bli i doda\u0107 odwagi w wyra\u017caniu siebie. Wspiera jasno\u015b\u0107 umys\u0142u oraz poczucie bezpiecze\u0144stwa.<br \/>\n\ud83c\udf19 <strong>Kamie\u0144 ksi\u0119\u017cycowy<\/strong> \u2013 kamie\u0144 intuicji i wewn\u0119trznej r\u00f3wnowagi. Wzmacnia kontakt z emocjami, pomaga zaufa\u0107 w\u0142asnemu przeczuciu i \u0142agodnie prowadzi przez zmiany.<\/p>\n<p><span class=\"gwpf52aed1c_s3\">Ta bransoletka zosta\u0142a stworzona z kamieni, kt\u00f3re wspieraj\u0105 naturaln\u0105 energi\u0119 Ryb i pomagaj\u0105 zachowa\u0107 spok\u00f3j, r\u00f3wnowag\u0119 oraz kontakt z w\u0142asn\u0105 intuicj\u0105<\/span>.<\/p>\n","protected":false},"excerpt":{"rendered":"<p>Bransoletka zodiakalna <strong>RYBY<\/strong><\/p>\n<p class=\"gwpadee94ec_p3\"><span class=\"gwpadee94ec_s2\">Akwamaryn, Kamie\u0144 ksi\u0119\u017cycowy,<br \/>\nBransoletka na lince z zapi\u0119ciem makramowym<\/span><\/p>\n<p>Wykonanie:<br \/>\nKamienie naturalne<br \/>\nElementy ze srebra i srebra poz\u0142acanego<\/p>\n<p class=\"gwpadee94ec_p3\">\n","protected":false},"featured_media":252,"comment_status":"open","ping_status":"closed","template":"","meta":[],"product_brand":[17],"product_cat":[18],"product_tag":[23,25,26,24],"class_list":{"0":"post-624","1":"product","2":"type-product","3":"status-publish","4":"has-post-thumbnail","6":"product_brand-tasunka","7":"product_cat-kolekcja-zodiakalna","8":"product_tag-bizuteria","9":"product_tag-bizuteria-z-intencja","10":"product_tag-bransoletki","11":"product_tag-kamienie-naturalne","12":"product_shipping_class-8x8x2","14":"first","15":"instock","16":"taxable","17":"shipping-taxable","18":"purchasable","19":"product-type-simple"},"jetpack_sharing_enabled":true,"_links":{"self":[{"href":"https:\/\/tasunka.pl\/index.php?rest_route=\/wp\/v2\/product\/624","targetHints":{"allow":["GET"]}}],"collection":[{"href":"https:\/\/tasunka.pl\/index.php?rest_route=\/wp\/v2\/product"}],"about":[{"href":"https:\/\/tasunka.pl\/index.php?rest_route=\/wp\/v2\/types\/product"}],"replies":[{"embeddable":true,"href":"https:\/\/tasunka.pl\/index.php?rest_route=%2Fwp%2Fv2%2Fcomments&post=624"}],"wp:featuredmedia":[{"embeddable":true,"href":"https:\/\/tasunka.pl\/index.php?rest_route=\/wp\/v2\/media\/252"}],"wp:attachment":[{"href":"https:\/\/tasunka.pl\/index.php?rest_route=%2Fwp%2Fv2%2Fmedia&parent=624"}],"wp:term":[{"taxonomy":"product_brand","embeddable":true,"href":"https:\/\/tasunka.pl\/index.php?rest_route=%2Fwp%2Fv2%2Fproduct_brand&post=624"},{"taxonomy":"product_cat","embeddable":true,"href":"https:\/\/tasunka.pl\/index.php?rest_route=%2Fwp%2Fv2%2Fproduct_cat&post=624"},{"taxonomy":"product_tag","embeddable":true,"href":"https:\/\/tasunka.pl\/index.php?rest_route=%2Fwp%2Fv2%2Fproduct_tag&post=624"}],"curies":[{"name":"wp","href":"https:\/\/api.w.org\/{rel}","templated":true}]}}