{"id":622,"date":"2026-02-22T11:09:10","date_gmt":"2026-02-22T10:09:10","guid":{"rendered":"https:\/\/tasunka.pl\/?post_type=product&#038;p=622"},"modified":"2026-02-22T11:13:51","modified_gmt":"2026-02-22T10:13:51","slug":"bransoletka-skorpion","status":"publish","type":"product","link":"https:\/\/tasunka.pl\/?product=bransoletka-skorpion","title":{"rendered":"Bransoletka Skorpion"},"content":{"rendered":"<p class=\"gwpf52aed1c_p3\"><span class=\"gwpf52aed1c_s5\">Bransoletka zodiakalna <strong>Skorpion<br \/>\n<\/strong><\/span><span class=\"gwpf52aed1c_s3\">Kamienie: <strong>Kamie\u0144 ksi\u0119\u017cycowy<\/strong><\/span><strong><span class=\"gwpf52aed1c_s3\">\u00a0\u2022 Labradoryt<\/span><\/strong><\/p>\n<p class=\"gwpf52aed1c_p3\"><span class=\"gwpf52aed1c_s3\">G\u0142\u0119bia emocji. Si\u0142a transformacji. Intuicja, kt\u00f3ra nie zna granic.<br \/>\nSkorpion to znak o niezwyk\u0142ej intensywno\u015bci \u2014 tajemniczy, lojalny i pe\u0142en wewn\u0119trznej mocy. Jego dusza zanurzona jest w przemianach, kt\u00f3re prowadz\u0105 ku autentyczno\u015bci. Bransoletka \u201eSkorpion\u201d to subtelna, a zarazem silna energetycznie kompozycja \u2014 zaprojektowana z my\u015bl\u0105 o tych, kt\u00f3rzy odwa\u017cnie zagl\u0105daj\u0105 pod powierzchni\u0119 i \u017cyj\u0105 w zgodzie ze swoj\u0105 prawd\u0105. <\/span><\/p>\n<p class=\"gwpf52aed1c_p3\"><span class=\"gwpf52aed1c_s3\">Ta bransoletka \u0142\u0105czy w sobie dwa kamienie o wyj\u0105tkowej energii:<br \/>\n<\/span><\/p>\n<p>\ud83c\udf19\u00a0<strong>Kamie\u0144 Ksi\u0119\u017cycowy<\/strong>\u00a0\u2013 kamie\u0144 kobiecej energii, emocjonalnej intuicji i wewn\u0119trznego \u015bwiat\u0142a. Pomaga Skorpionowi \u0142agodniej przechodzi\u0107 przez \u017cyciowe przemiany i zachowa\u0107 spok\u00f3j w chaosie.<br \/>\n\ud83c\udf0c\u00a0<strong>Labradoryt<\/strong>\u00a0\u2013 kamie\u0144 duchowej g\u0142\u0119bi i ochrony. Wspiera w odkrywaniu tego, co ukryte, i pomaga wzmocni\u0107 kontakt z w\u0142asn\u0105 intuicj\u0105 oraz transformacyjn\u0105 natur\u0105 Skorpiona.<\/p>\n<p>Bransoletka \u201eSkorpion\u201d to talizman mocy dla tych, kt\u00f3rzy czuj\u0105 intensywnie, kochaj\u0105 g\u0142\u0119boko i nie boj\u0105 si\u0119 wej\u015b\u0107 w ciemno\u015b\u0107, by odnale\u017a\u0107 swoje \u015bwiat\u0142o.<\/p>\n","protected":false},"excerpt":{"rendered":"<p>Bransoletka zodiakalna <strong>SKORPION<\/strong><\/p>\n<p class=\"gwpadee94ec_p3\"><span class=\"gwpadee94ec_s2\">Kamie\u0144 ksi\u0119\u017cycowy, Labradoryt<br \/>\nBransoletka na lince z zapi\u0119ciem makramowym<\/span><\/p>\n<p>Wykonanie:<br \/>\nKamienie naturalne<br \/>\nElementy ze srebra i srebra poz\u0142acanego<\/p>\n<p class=\"gwpadee94ec_p3\">\n","protected":false},"featured_media":243,"comment_status":"open","ping_status":"closed","template":"","meta":[],"product_brand":[17],"product_cat":[18],"product_tag":[23,25,26,24],"class_list":{"0":"post-622","1":"product","2":"type-product","3":"status-publish","4":"has-post-thumbnail","6":"product_brand-tasunka","7":"product_cat-kolekcja-zodiakalna","8":"product_tag-bizuteria","9":"product_tag-bizuteria-z-intencja","10":"product_tag-bransoletki","11":"product_tag-kamienie-naturalne","12":"product_shipping_class-8x8x2","14":"first","15":"instock","16":"taxable","17":"shipping-taxable","18":"purchasable","19":"product-type-simple"},"jetpack_sharing_enabled":true,"_links":{"self":[{"href":"https:\/\/tasunka.pl\/index.php?rest_route=\/wp\/v2\/product\/622","targetHints":{"allow":["GET"]}}],"collection":[{"href":"https:\/\/tasunka.pl\/index.php?rest_route=\/wp\/v2\/product"}],"about":[{"href":"https:\/\/tasunka.pl\/index.php?rest_route=\/wp\/v2\/types\/product"}],"replies":[{"embeddable":true,"href":"https:\/\/tasunka.pl\/index.php?rest_route=%2Fwp%2Fv2%2Fcomments&post=622"}],"wp:featuredmedia":[{"embeddable":true,"href":"https:\/\/tasunka.pl\/index.php?rest_route=\/wp\/v2\/media\/243"}],"wp:attachment":[{"href":"https:\/\/tasunka.pl\/index.php?rest_route=%2Fwp%2Fv2%2Fmedia&parent=622"}],"wp:term":[{"taxonomy":"product_brand","embeddable":true,"href":"https:\/\/tasunka.pl\/index.php?rest_route=%2Fwp%2Fv2%2Fproduct_brand&post=622"},{"taxonomy":"product_cat","embeddable":true,"href":"https:\/\/tasunka.pl\/index.php?rest_route=%2Fwp%2Fv2%2Fproduct_cat&post=622"},{"taxonomy":"product_tag","embeddable":true,"href":"https:\/\/tasunka.pl\/index.php?rest_route=%2Fwp%2Fv2%2Fproduct_tag&post=622"}],"curies":[{"name":"wp","href":"https:\/\/api.w.org\/{rel}","templated":true}]}}