{"id":621,"date":"2026-02-22T10:54:52","date_gmt":"2026-02-22T09:54:52","guid":{"rendered":"https:\/\/tasunka.pl\/?post_type=product&#038;p=621"},"modified":"2026-02-22T11:01:04","modified_gmt":"2026-02-22T10:01:04","slug":"bransoletka-strzelec","status":"publish","type":"product","link":"https:\/\/tasunka.pl\/?product=bransoletka-strzelec","title":{"rendered":"Bransoletka Strzelec"},"content":{"rendered":"<p class=\"gwpf52aed1c_p3\"><span class=\"gwpf52aed1c_s5\">Bransoletka zodiakalna <strong>Strzelec<br \/>\n<\/strong><\/span><span class=\"gwpf52aed1c_s3\">Kamienie: <strong>Granat<\/strong><\/span><strong><span class=\"gwpf52aed1c_s3\"><strong>\u00a0<\/strong>\u2022 Ametyst \u2022 Labradoryt<\/span><\/strong><\/p>\n<p class=\"gwpf52aed1c_p3\"><span class=\"gwpf52aed1c_s3\">Wolno\u015b\u0107, kt\u00f3ra rozpala dusz\u0119. Intuicja, kt\u00f3ra prowadzi. Odwaga, kt\u00f3ra otwiera nowe \u015bcie\u017cki.<br \/>\nStrzelec to niepoprawny optymista, poszukiwacz prawdy i przyg\u00f3d. Bransoletka \u201eStrzelec\u201d powsta\u0142a z my\u015bl\u0105 o tych, kt\u00f3rzy id\u0105 przez \u017cycie z podniesion\u0105 g\u0142ow\u0105, ufaj\u0105c wewn\u0119trznemu kompasowi i wierz\u0105c w sens ka\u017cdej podr\u00f3\u017cy \u2014 zar\u00f3wno tej fizycznej, jak i duchowej. <\/span><\/p>\n<p class=\"gwpf52aed1c_p3\"><span class=\"gwpf52aed1c_s3\">Ta bransoletka \u0142\u0105czy w sobie trzy kamienie o wyj\u0105tkowej energii:<br \/>\n<\/span><\/p>\n<p>\ud83d\udfe5\u00a0<strong>Granat<\/strong>\u00a0\u2013 kamie\u0144 pasji, wytrwa\u0142o\u015bci i si\u0142y \u017cyciowej. Wspiera Strzelca w realizacji marze\u0144 i wzmacnia odwag\u0119 w dzia\u0142aniu.<br \/>\n\ud83d\udfe3\u00a0<strong>Ametyst<\/strong>\u00a0\u2013 kamie\u0144 m\u0105dro\u015bci i wewn\u0119trznego spokoju. Pomaga znale\u017a\u0107 balans pomi\u0119dzy intensywno\u015bci\u0105 dzia\u0142ania a refleksj\u0105.<br \/>\n\ud83c\udf0c\u00a0<strong>Labradoryt<\/strong>\u00a0\u2013 mistyczny kamie\u0144 intuicji i transformacji. Wzmacnia duchow\u0105 \u015bwiadomo\u015b\u0107, wspiera rozw\u00f3j osobisty i chroni przed iluzj\u0105.<\/p>\n<p>Bransoletka \u201eStrzelec\u201d to energetyczny amulet dla tych, kt\u00f3rzy wierz\u0105, \u017ce \u017cycie to nieustanna podr\u00f3\u017c \u2014 pe\u0142na sens\u00f3w, odkry\u0107 i prawdy ukrytej mi\u0119dzy s\u0142owami.<\/p>\n","protected":false},"excerpt":{"rendered":"<p>Bransoletka zodiakalna <strong>STRZELEC<\/strong><\/p>\n<p class=\"gwpadee94ec_p3\"><span class=\"gwpadee94ec_s2\">Granat, Ametyst, Labradoryt<br \/>\nBransoletka na lince z zapi\u0119ciem makramowym<\/span><\/p>\n<p>Wykonanie:<br \/>\nKamienie naturalne<br \/>\nElementy ze srebra i srebra poz\u0142acanego<\/p>\n<p class=\"gwpadee94ec_p3\">\n","protected":false},"featured_media":255,"comment_status":"open","ping_status":"closed","template":"","meta":[],"product_brand":[17],"product_cat":[18],"product_tag":[23,25,26,24],"class_list":{"0":"post-621","1":"product","2":"type-product","3":"status-publish","4":"has-post-thumbnail","6":"product_brand-tasunka","7":"product_cat-kolekcja-zodiakalna","8":"product_tag-bizuteria","9":"product_tag-bizuteria-z-intencja","10":"product_tag-bransoletki","11":"product_tag-kamienie-naturalne","12":"product_shipping_class-8x8x2","14":"first","15":"instock","16":"taxable","17":"shipping-taxable","18":"purchasable","19":"product-type-simple"},"jetpack_sharing_enabled":true,"_links":{"self":[{"href":"https:\/\/tasunka.pl\/index.php?rest_route=\/wp\/v2\/product\/621","targetHints":{"allow":["GET"]}}],"collection":[{"href":"https:\/\/tasunka.pl\/index.php?rest_route=\/wp\/v2\/product"}],"about":[{"href":"https:\/\/tasunka.pl\/index.php?rest_route=\/wp\/v2\/types\/product"}],"replies":[{"embeddable":true,"href":"https:\/\/tasunka.pl\/index.php?rest_route=%2Fwp%2Fv2%2Fcomments&post=621"}],"wp:featuredmedia":[{"embeddable":true,"href":"https:\/\/tasunka.pl\/index.php?rest_route=\/wp\/v2\/media\/255"}],"wp:attachment":[{"href":"https:\/\/tasunka.pl\/index.php?rest_route=%2Fwp%2Fv2%2Fmedia&parent=621"}],"wp:term":[{"taxonomy":"product_brand","embeddable":true,"href":"https:\/\/tasunka.pl\/index.php?rest_route=%2Fwp%2Fv2%2Fproduct_brand&post=621"},{"taxonomy":"product_cat","embeddable":true,"href":"https:\/\/tasunka.pl\/index.php?rest_route=%2Fwp%2Fv2%2Fproduct_cat&post=621"},{"taxonomy":"product_tag","embeddable":true,"href":"https:\/\/tasunka.pl\/index.php?rest_route=%2Fwp%2Fv2%2Fproduct_tag&post=621"}],"curies":[{"name":"wp","href":"https:\/\/api.w.org\/{rel}","templated":true}]}}