{"id":620,"date":"2026-02-22T10:43:51","date_gmt":"2026-02-22T09:43:51","guid":{"rendered":"https:\/\/tasunka.pl\/?post_type=product&#038;p=620"},"modified":"2026-02-22T10:53:42","modified_gmt":"2026-02-22T09:53:42","slug":"bransoletka-waga","status":"publish","type":"product","link":"https:\/\/tasunka.pl\/?product=bransoletka-waga","title":{"rendered":"Bransoletka Waga"},"content":{"rendered":"<p class=\"gwpf52aed1c_p3\"><span class=\"gwpf52aed1c_s5\">Bransoletka zodiakalna <strong>Waga<br \/>\n<\/strong><\/span><span class=\"gwpf52aed1c_s3\">Kamienie: <strong>Kamie\u0144 ksi\u0119\u017cycowy<\/strong><\/span><strong><span class=\"gwpf52aed1c_s3\"><strong>\u00a0<\/strong>\u2022 Awenturyn \u2022 Ametyst<\/span><\/strong><\/p>\n<p class=\"gwpf52aed1c_p3\"><span class=\"gwpf52aed1c_s3\">Pi\u0119kno r\u00f3wnowagi. Lekko\u015b\u0107 serca. Moc wewn\u0119trznej harmonii.<br \/>\nWaga to znak powietrza, kt\u00f3ry pragnie harmonii, sprawiedliwo\u015bci i pi\u0119kna \u2014 zar\u00f3wno w \u015bwiecie zewn\u0119trznym, jak i wewn\u0119trznym. Bransoletka \u201eWaga\u201d zosta\u0142a stworzona z my\u015bl\u0105 o osobach, kt\u00f3re poszukuj\u0105 r\u00f3wnowagi w relacjach, emocjach i decyzjach. <\/span><\/p>\n<p class=\"gwpf52aed1c_p3\"><span class=\"gwpf52aed1c_s3\">Ta bransoletka \u0142\u0105czy w sobie trzy kamienie o wyj\u0105tkowej energii:<br \/>\n<\/span><\/p>\n<p>\ud83e\udd0d\u00a0<strong>Kamie\u0144 Ksi\u0119\u017cycowy<\/strong>\u00a0\u2013 wzmacnia intuicj\u0119, \u0142agodzi emocje i przywraca spok\u00f3j. Pomaga ufa\u0107 rytmom \u017cycia i wewn\u0119trznej m\u0105dro\u015bci.<br \/>\n\ud83d\udc9a\u00a0<strong>Awenturyn<\/strong> \u2013 kamie\u0144 dobrostanu i szcz\u0119\u015bcia. Wspiera pozytywne nastawienie, otwiera na rado\u015b\u0107 i wspomaga podejmowanie decyzji w zgodzie z sercem.<br \/>\n\ud83d\udfe3\u00a0<strong>Ametyst<\/strong> \u2013 kamie\u0144 duchowej jasno\u015bci i ochrony. Wspiera koncentracj\u0119, wyciszenie i uwa\u017cno\u015b\u0107 na to, co naprawd\u0119 istotne.<\/p>\n<p>Delikatna, a zarazem pe\u0142na znaczenia \u2014 ta bransoletka to subtelna afirmacja lekko\u015bci i harmonii, kt\u00f3re s\u0105 dusz\u0105 Wagi.<\/p>\n","protected":false},"excerpt":{"rendered":"<p>Bransoletka zodiakalna <strong>WAGA<\/strong><\/p>\n<p class=\"gwpadee94ec_p3\"><span class=\"gwpadee94ec_s2\">Kamie\u0144 ksi\u0119\u017cycowy, Awenturyn, Ametyst<br \/>\nBransoletka na lince z zapi\u0119ciem makramowym<\/span><\/p>\n<p>Wykonanie:<br \/>\nKamienie naturalne<br \/>\nElementy ze srebra i srebra poz\u0142acanego<\/p>\n<p class=\"gwpadee94ec_p3\">\n","protected":false},"featured_media":249,"comment_status":"open","ping_status":"closed","template":"","meta":[],"product_brand":[17],"product_cat":[18],"product_tag":[23,25,26,24],"class_list":{"0":"post-620","1":"product","2":"type-product","3":"status-publish","4":"has-post-thumbnail","6":"product_brand-tasunka","7":"product_cat-kolekcja-zodiakalna","8":"product_tag-bizuteria","9":"product_tag-bizuteria-z-intencja","10":"product_tag-bransoletki","11":"product_tag-kamienie-naturalne","12":"product_shipping_class-8x8x2","14":"first","15":"instock","16":"taxable","17":"shipping-taxable","18":"purchasable","19":"product-type-simple"},"jetpack_sharing_enabled":true,"_links":{"self":[{"href":"https:\/\/tasunka.pl\/index.php?rest_route=\/wp\/v2\/product\/620","targetHints":{"allow":["GET"]}}],"collection":[{"href":"https:\/\/tasunka.pl\/index.php?rest_route=\/wp\/v2\/product"}],"about":[{"href":"https:\/\/tasunka.pl\/index.php?rest_route=\/wp\/v2\/types\/product"}],"replies":[{"embeddable":true,"href":"https:\/\/tasunka.pl\/index.php?rest_route=%2Fwp%2Fv2%2Fcomments&post=620"}],"wp:featuredmedia":[{"embeddable":true,"href":"https:\/\/tasunka.pl\/index.php?rest_route=\/wp\/v2\/media\/249"}],"wp:attachment":[{"href":"https:\/\/tasunka.pl\/index.php?rest_route=%2Fwp%2Fv2%2Fmedia&parent=620"}],"wp:term":[{"taxonomy":"product_brand","embeddable":true,"href":"https:\/\/tasunka.pl\/index.php?rest_route=%2Fwp%2Fv2%2Fproduct_brand&post=620"},{"taxonomy":"product_cat","embeddable":true,"href":"https:\/\/tasunka.pl\/index.php?rest_route=%2Fwp%2Fv2%2Fproduct_cat&post=620"},{"taxonomy":"product_tag","embeddable":true,"href":"https:\/\/tasunka.pl\/index.php?rest_route=%2Fwp%2Fv2%2Fproduct_tag&post=620"}],"curies":[{"name":"wp","href":"https:\/\/api.w.org\/{rel}","templated":true}]}}