{"id":619,"date":"2026-02-22T10:34:02","date_gmt":"2026-02-22T09:34:02","guid":{"rendered":"https:\/\/tasunka.pl\/?post_type=product&#038;p=619"},"modified":"2026-02-22T10:43:07","modified_gmt":"2026-02-22T09:43:07","slug":"bransoletka-panna","status":"publish","type":"product","link":"https:\/\/tasunka.pl\/?product=bransoletka-panna","title":{"rendered":"Bransoletka Panna"},"content":{"rendered":"<p class=\"gwpf52aed1c_p3\"><span class=\"gwpf52aed1c_s5\">Bransoletka zodiakalna <strong>Panna<br \/>\n<\/strong><\/span><span class=\"gwpf52aed1c_s3\">Kamienie: <strong>Kamie\u0144 ksi\u0119\u017cycowy<\/strong><\/span><strong><span class=\"gwpf52aed1c_s3\"><strong>\u00a0<\/strong>\u2022 Ametyst \u2022 Granat<\/span><\/strong><\/p>\n<p class=\"gwpf52aed1c_p3\"><span class=\"gwpf52aed1c_s3\">Harmonia my\u015bli. Klarowno\u015b\u0107 duszy. G\u0142\u0119bia uczu\u0107.<br \/>\nPanna to znak ziemi, kt\u00f3ry uosabia subtelno\u015b\u0107, analityczny umys\u0142 i potrzeb\u0119 r\u00f3wnowagi. Ceni porz\u0105dek, autentyczno\u015b\u0107 i wewn\u0119trzny spok\u00f3j. Bransoletka \u201ePanna\u201d zosta\u0142a stworzona z my\u015bl\u0105 o wsparciu duchowego balansu, intuicji oraz emocjonalnej stabilno\u015bci. <\/span><\/p>\n<p class=\"gwpf52aed1c_p3\"><span class=\"gwpf52aed1c_s3\">Ta bransoletka \u0142\u0105czy w sobie trzy kamienie o wyj\u0105tkowej energii:<br \/>\n<\/span><\/p>\n<p>\ud83e\udd0d\u00a0<strong>Kamie\u0144 Ksi\u0119\u017cycowy<\/strong>\u00a0\u2013 wzmacnia intuicj\u0119, \u0142agodzi emocje i przywraca spok\u00f3j. Pomaga ufa\u0107 rytmom \u017cycia i wewn\u0119trznej m\u0105dro\u015bci.<br \/>\n\ud83d\udfe3\u00a0<strong>Ametyst<\/strong>\u00a0\u2013 kamie\u0144 duchowej jasno\u015bci i ochrony. Wspiera koncentracj\u0119, wyciszenie i uwa\u017cno\u015b\u0107 na to, co naprawd\u0119 istotne.<br \/>\n\ud83d\udfe5\u00a0<strong>Granat<\/strong>\u00a0\u2013 \u017ar\u00f3d\u0142o energii, odwagi i zaanga\u017cowania. Dodaje si\u0142y w realizacji cel\u00f3w, piel\u0119gnuj\u0105c przy tym g\u0142\u0119bokie wi\u0119zi.<\/p>\n<p>To subtelna, lecz silna kompozycja \u2014 idealna dla os\u00f3b spod znaku Panny, kt\u00f3re pragn\u0105 \u017cycia pe\u0142nego sensu, \u0142adu i duchowej g\u0142\u0119bi.<\/p>\n","protected":false},"excerpt":{"rendered":"<p>Bransoletka zodiakalna <strong>PANNA<\/strong><\/p>\n<p class=\"gwpadee94ec_p3\"><span class=\"gwpadee94ec_s2\">Kamie\u0144 ksi\u0119\u017cycowy, Ametyst, Granat<br \/>\nBransoletka na lince z zapi\u0119ciem makramowym<\/span><\/p>\n<p>Wykonanie:<br \/>\nKamienie naturalne<br \/>\nElementy ze srebra i srebra poz\u0142acanego<\/p>\n<p class=\"gwpadee94ec_p3\">\n","protected":false},"featured_media":264,"comment_status":"open","ping_status":"closed","template":"","meta":[],"product_brand":[17],"product_cat":[18],"product_tag":[23,25,26,24],"class_list":{"0":"post-619","1":"product","2":"type-product","3":"status-publish","4":"has-post-thumbnail","6":"product_brand-tasunka","7":"product_cat-kolekcja-zodiakalna","8":"product_tag-bizuteria","9":"product_tag-bizuteria-z-intencja","10":"product_tag-bransoletki","11":"product_tag-kamienie-naturalne","12":"product_shipping_class-8x8x2","14":"first","15":"instock","16":"taxable","17":"shipping-taxable","18":"purchasable","19":"product-type-simple"},"jetpack_sharing_enabled":true,"_links":{"self":[{"href":"https:\/\/tasunka.pl\/index.php?rest_route=\/wp\/v2\/product\/619","targetHints":{"allow":["GET"]}}],"collection":[{"href":"https:\/\/tasunka.pl\/index.php?rest_route=\/wp\/v2\/product"}],"about":[{"href":"https:\/\/tasunka.pl\/index.php?rest_route=\/wp\/v2\/types\/product"}],"replies":[{"embeddable":true,"href":"https:\/\/tasunka.pl\/index.php?rest_route=%2Fwp%2Fv2%2Fcomments&post=619"}],"wp:featuredmedia":[{"embeddable":true,"href":"https:\/\/tasunka.pl\/index.php?rest_route=\/wp\/v2\/media\/264"}],"wp:attachment":[{"href":"https:\/\/tasunka.pl\/index.php?rest_route=%2Fwp%2Fv2%2Fmedia&parent=619"}],"wp:term":[{"taxonomy":"product_brand","embeddable":true,"href":"https:\/\/tasunka.pl\/index.php?rest_route=%2Fwp%2Fv2%2Fproduct_brand&post=619"},{"taxonomy":"product_cat","embeddable":true,"href":"https:\/\/tasunka.pl\/index.php?rest_route=%2Fwp%2Fv2%2Fproduct_cat&post=619"},{"taxonomy":"product_tag","embeddable":true,"href":"https:\/\/tasunka.pl\/index.php?rest_route=%2Fwp%2Fv2%2Fproduct_tag&post=619"}],"curies":[{"name":"wp","href":"https:\/\/api.w.org\/{rel}","templated":true}]}}