{"id":618,"date":"2026-02-22T10:26:13","date_gmt":"2026-02-22T09:26:13","guid":{"rendered":"https:\/\/tasunka.pl\/?post_type=product&#038;p=618"},"modified":"2026-02-22T10:33:45","modified_gmt":"2026-02-22T09:33:45","slug":"bransoletka-lew","status":"publish","type":"product","link":"https:\/\/tasunka.pl\/?product=bransoletka-lew","title":{"rendered":"Bransoletka Lew"},"content":{"rendered":"<p class=\"gwpf52aed1c_p3\"><span class=\"gwpf52aed1c_s5\">Bransoletka zodiakalna <strong>Lew<br \/>\n<\/strong><\/span><span class=\"gwpf52aed1c_s3\">Kamienie: <strong>Granat<\/strong><\/span><strong><span class=\"gwpf52aed1c_s3\"><strong>\u00a0<\/strong>\u2022 Kamie\u0144 s\u0142oneczny \u2022 Kryszta\u0142 g\u00f3rski<\/span><\/strong><\/p>\n<p class=\"gwpf52aed1c_p3\"><span class=\"gwpf52aed1c_s3\">Si\u0142a wewn\u0119trzna. Blask osobowo\u015bci. Odwaga bycia sob\u0105.<br \/>\nLew to urodzony lider \u2014 charyzmatyczny, dumny, pe\u0142en pasji. Jego energia przyci\u0105ga, inspiruje i roz\u015bwietla przestrze\u0144 wok\u00f3\u0142. Bransoletka \u201eLew\u201d zosta\u0142a zaprojektowana, by podkre\u015bli\u0107 naturalny magnetyzm tego znaku i wspiera\u0107 go w harmonijnym wyra\u017caniu swojej wyj\u0105tkowo\u015bci. <\/span><\/p>\n<p class=\"gwpf52aed1c_p3\"><span class=\"gwpf52aed1c_s3\">Ta bransoletka \u0142\u0105czy w sobie trzy kamienie o wyj\u0105tkowej energii:<br \/>\n<\/span><\/p>\n<p>\ud83d\udfe5\u00a0<strong>Granat<\/strong>\u00a0\u2013 \u017ar\u00f3d\u0142o \u017cyciowej si\u0142y i determinacji. Pomaga zachowa\u0107 odwag\u0119 w dzia\u0142aniu i piel\u0119gnowa\u0107 g\u0142\u0119bokie relacje.<br \/>\n\ud83e\udde1\u00a0<strong>Kamie\u0144 S\u0142oneczny<\/strong>\u00a0\u2013 talizman rado\u015bci i pewno\u015bci siebie. Wzmacnia kreatywno\u015b\u0107, optymizm i wspiera w pe\u0142nym wyra\u017caniu siebie.<br \/>\n\ud83e\udd0d\u00a0<strong>Kryszta\u0142 G\u00f3rski<\/strong>\u00a0\u2013 czysto\u015b\u0107 intencji i klarowno\u015b\u0107 umys\u0142u. Pot\u0119guje dzia\u0142anie innych kamieni i przywraca wewn\u0119trzn\u0105 r\u00f3wnowag\u0119.<\/p>\n<p>To bransoletka dla Lwa \u2014 silnego sercem i duchem, kt\u00f3ry odwa\u017cnie kroczy swoj\u0105 drog\u0105, nie boj\u0105c si\u0119 b\u0142yszcze\u0107.<\/p>\n","protected":false},"excerpt":{"rendered":"<p>Bransoletka zodiakalna <strong>LEW<\/strong><\/p>\n<p class=\"gwpadee94ec_p3\"><span class=\"gwpadee94ec_s2\">Granat, Kamie\u0144 s\u0142oneczny, Kryszta\u0142 g\u00f3rski<br \/>\nBransoletka na lince z zapi\u0119ciem makramowym<\/span><\/p>\n<p>Wykonanie:<br \/>\nKamienie naturalne<br \/>\nElementy ze srebra i srebra poz\u0142acanego<\/p>\n<p class=\"gwpadee94ec_p3\">\n","protected":false},"featured_media":258,"comment_status":"open","ping_status":"closed","template":"","meta":[],"product_brand":[17],"product_cat":[18],"product_tag":[23,25,26,24],"class_list":{"0":"post-618","1":"product","2":"type-product","3":"status-publish","4":"has-post-thumbnail","6":"product_brand-tasunka","7":"product_cat-kolekcja-zodiakalna","8":"product_tag-bizuteria","9":"product_tag-bizuteria-z-intencja","10":"product_tag-bransoletki","11":"product_tag-kamienie-naturalne","12":"product_shipping_class-8x8x2","14":"first","15":"instock","16":"taxable","17":"shipping-taxable","18":"purchasable","19":"product-type-simple"},"jetpack_sharing_enabled":true,"_links":{"self":[{"href":"https:\/\/tasunka.pl\/index.php?rest_route=\/wp\/v2\/product\/618","targetHints":{"allow":["GET"]}}],"collection":[{"href":"https:\/\/tasunka.pl\/index.php?rest_route=\/wp\/v2\/product"}],"about":[{"href":"https:\/\/tasunka.pl\/index.php?rest_route=\/wp\/v2\/types\/product"}],"replies":[{"embeddable":true,"href":"https:\/\/tasunka.pl\/index.php?rest_route=%2Fwp%2Fv2%2Fcomments&post=618"}],"wp:featuredmedia":[{"embeddable":true,"href":"https:\/\/tasunka.pl\/index.php?rest_route=\/wp\/v2\/media\/258"}],"wp:attachment":[{"href":"https:\/\/tasunka.pl\/index.php?rest_route=%2Fwp%2Fv2%2Fmedia&parent=618"}],"wp:term":[{"taxonomy":"product_brand","embeddable":true,"href":"https:\/\/tasunka.pl\/index.php?rest_route=%2Fwp%2Fv2%2Fproduct_brand&post=618"},{"taxonomy":"product_cat","embeddable":true,"href":"https:\/\/tasunka.pl\/index.php?rest_route=%2Fwp%2Fv2%2Fproduct_cat&post=618"},{"taxonomy":"product_tag","embeddable":true,"href":"https:\/\/tasunka.pl\/index.php?rest_route=%2Fwp%2Fv2%2Fproduct_tag&post=618"}],"curies":[{"name":"wp","href":"https:\/\/api.w.org\/{rel}","templated":true}]}}