{"id":617,"date":"2026-02-22T10:21:12","date_gmt":"2026-02-22T09:21:12","guid":{"rendered":"https:\/\/tasunka.pl\/?post_type=product&#038;p=617"},"modified":"2026-02-22T10:25:59","modified_gmt":"2026-02-22T09:25:59","slug":"bransoletka-rak","status":"publish","type":"product","link":"https:\/\/tasunka.pl\/?product=bransoletka-rak","title":{"rendered":"Bransoletka Rak"},"content":{"rendered":"<p class=\"gwpf52aed1c_p3\"><span class=\"gwpf52aed1c_s5\">Bransoletka zodiakalna <strong>Rak<br \/>\n<\/strong><\/span><span class=\"gwpf52aed1c_s3\">Kamienie: <\/span><strong><span class=\"gwpf52aed1c_s3\">Rubin \u2022 Akwamaryn \u2022 Kamie\u0144 ksi\u0119\u017cycowy<\/span><\/strong><\/p>\n<p class=\"gwpf52aed1c_p3\"><span class=\"gwpf52aed1c_s3\">Wra\u017cliwo\u015b\u0107 serca. G\u0142\u0119boka intuicja. Mi\u0142o\u015b\u0107 jako dom.<br \/>\nRak to znak wody \u2014 emocjonalny, lojalny, opieku\u0144czy. Jego si\u0142a tkwi w subtelno\u015bci i wewn\u0119trznym \u015bwiecie uczu\u0107. Bransoletka \u201eRak\u201d zosta\u0142a stworzona, by wspiera\u0107 delikatno\u015b\u0107, chroni\u0107 emocjonaln\u0105 g\u0142\u0119bi\u0119 i dodawa\u0107 odwagi w wyra\u017caniu siebie. <\/span><\/p>\n<p class=\"gwpf52aed1c_p3\"><span class=\"gwpf52aed1c_s3\">Ta bransoletka \u0142\u0105czy w sobie trzy kamienie o wyj\u0105tkowej energii:<br \/>\n<\/span><\/p>\n<p>\ud83d\udd34\u00a0<strong>Rubin<\/strong>\u00a0\u2013 kamie\u0144 serca i pasji. Dodaje wewn\u0119trznej si\u0142y, wzmacnia poczucie bezpiecze\u0144stwa i przypomina o Twojej warto\u015bci.<br \/>\n\ud83d\udd35\u00a0<strong>Akwamaryn<\/strong>\u00a0\u2013 \u0142agodno\u015b\u0107 i ukojenie. Pomaga komunikowa\u0107 emocje, koi napi\u0119cia i otula spokojem.<br \/>\n\ud83c\udf19\u00a0<strong>Kamie\u0144 Ksi\u0119\u017cycowy<\/strong>\u00a0\u2013 symbol kobiecej intuicji i cykliczno\u015bci. Harmonizuje emocje i pomaga s\u0142ucha\u0107 wewn\u0119trznego g\u0142osu.<\/p>\n<p>To bi\u017cuteria dla Raka \u2014 wiernego dusz\u0105 i sercem, kt\u00f3ry pragnie tworzy\u0107 \u015bwiat pe\u0142en mi\u0142o\u015bci, czu\u0142o\u015bci i emocjonalnego bezpiecze\u0144stwa.<\/p>\n","protected":false},"excerpt":{"rendered":"<p>Bransoletka zodiakalna <strong>RAK<\/strong><\/p>\n<p class=\"gwpadee94ec_p3\"><span class=\"gwpadee94ec_s2\">Rubin, Akwamaryn, Kamie\u0144 ksi\u0119\u017cycowy<br \/>\nBransoletka na lince z zapi\u0119ciem makramowym<\/span><\/p>\n<p>Wykonanie:<br \/>\nKamienie naturalne<br \/>\nElementy ze srebra i srebra poz\u0142acanego<\/p>\n<p class=\"gwpadee94ec_p3\">\n","protected":false},"featured_media":261,"comment_status":"open","ping_status":"closed","template":"","meta":[],"product_brand":[17],"product_cat":[18],"product_tag":[23,25,26,24],"class_list":{"0":"post-617","1":"product","2":"type-product","3":"status-publish","4":"has-post-thumbnail","6":"product_brand-tasunka","7":"product_cat-kolekcja-zodiakalna","8":"product_tag-bizuteria","9":"product_tag-bizuteria-z-intencja","10":"product_tag-bransoletki","11":"product_tag-kamienie-naturalne","12":"product_shipping_class-8x8x2","14":"first","15":"instock","16":"taxable","17":"shipping-taxable","18":"purchasable","19":"product-type-simple"},"jetpack_sharing_enabled":true,"_links":{"self":[{"href":"https:\/\/tasunka.pl\/index.php?rest_route=\/wp\/v2\/product\/617","targetHints":{"allow":["GET"]}}],"collection":[{"href":"https:\/\/tasunka.pl\/index.php?rest_route=\/wp\/v2\/product"}],"about":[{"href":"https:\/\/tasunka.pl\/index.php?rest_route=\/wp\/v2\/types\/product"}],"replies":[{"embeddable":true,"href":"https:\/\/tasunka.pl\/index.php?rest_route=%2Fwp%2Fv2%2Fcomments&post=617"}],"wp:featuredmedia":[{"embeddable":true,"href":"https:\/\/tasunka.pl\/index.php?rest_route=\/wp\/v2\/media\/261"}],"wp:attachment":[{"href":"https:\/\/tasunka.pl\/index.php?rest_route=%2Fwp%2Fv2%2Fmedia&parent=617"}],"wp:term":[{"taxonomy":"product_brand","embeddable":true,"href":"https:\/\/tasunka.pl\/index.php?rest_route=%2Fwp%2Fv2%2Fproduct_brand&post=617"},{"taxonomy":"product_cat","embeddable":true,"href":"https:\/\/tasunka.pl\/index.php?rest_route=%2Fwp%2Fv2%2Fproduct_cat&post=617"},{"taxonomy":"product_tag","embeddable":true,"href":"https:\/\/tasunka.pl\/index.php?rest_route=%2Fwp%2Fv2%2Fproduct_tag&post=617"}],"curies":[{"name":"wp","href":"https:\/\/api.w.org\/{rel}","templated":true}]}}