{"id":616,"date":"2026-02-22T10:15:46","date_gmt":"2026-02-22T09:15:46","guid":{"rendered":"https:\/\/tasunka.pl\/?post_type=product&#038;p=616"},"modified":"2026-02-22T10:20:53","modified_gmt":"2026-02-22T09:20:53","slug":"bransoletka-bliznieta","status":"publish","type":"product","link":"https:\/\/tasunka.pl\/?product=bransoletka-bliznieta","title":{"rendered":"Bransoletka Bli\u017ani\u0119ta"},"content":{"rendered":"<p class=\"gwpf52aed1c_p3\"><span class=\"gwpf52aed1c_s5\">Bransoletka zodiakalna <strong>Bli\u017ani\u0119ta<br \/>\n<\/strong><\/span><span class=\"gwpf52aed1c_s3\">Kamienie: <\/span><strong><span class=\"gwpf52aed1c_s3\">Turmalin \u2022 Ametyst \u2022 Cytryn<\/span><\/strong><\/p>\n<p class=\"gwpf52aed1c_p3\"><span class=\"gwpf52aed1c_s3\">Lekko\u015b\u0107 my\u015bli. Elokwencja serca. Klarowno\u015b\u0107 decyzji.<br \/>\nBli\u017ani\u0119ta to znak powietrza \u2014 \u017cywio\u0142owy, komunikatywny, ciekawy \u015bwiata. Osoby spod tego znaku s\u0105 pe\u0142ne uroku, kreatywno\u015bci i zmienno\u015bci. Bransoletka \u201eBli\u017ani\u0119ta\u201d zosta\u0142a zaprojektowana, by wspiera\u0107 ich umys\u0142ow\u0105 bystro\u015b\u0107, chroni\u0107 przed energetycznym rozproszeniem i pomaga\u0107 w odnalezieniu wewn\u0119trznego balansu. <\/span><\/p>\n<p class=\"gwpf52aed1c_p3\"><span class=\"gwpf52aed1c_s3\">Ta bransoletka \u0142\u0105czy w sobie trzy kamienie o wyj\u0105tkowej energii:<br \/>\n<\/span><\/p>\n<p>\u26ab\u00a0<strong>Turmalin<\/strong>\u00a0\u2013 naturalna tarcza energetyczna. Chroni przed przeci\u0105\u017ceniem emocjonalnym i pomaga utrzyma\u0107 stabilno\u015b\u0107 w p\u0119dzie codzienno\u015bci.<br \/>\n\ud83d\udc9c\u00a0<strong>Ametyst<\/strong>\u00a0\u2013 kamie\u0144 intuicji, klarowno\u015bci i g\u0142\u0119bszego zrozumienia. Wspiera koncentracj\u0119 i koi nadmiern\u0105 stymulacj\u0119.<br \/>\n\ud83d\udfe1\u00a0<strong>Cytryn<\/strong>\u00a0\u2013 promie\u0144 optymizmu i kreatywno\u015bci. Dodaje pewno\u015bci siebie, wspiera w komunikacji i wyzwala naturaln\u0105 rado\u015b\u0107 \u017cycia.<\/p>\n<p>Ta kompozycja kamieni to idealna r\u00f3wnowaga mi\u0119dzy inspiracj\u0105 a stabilizacj\u0105 \u2014 dla Bli\u017ani\u0105t, kt\u00f3re chc\u0105 rozwija\u0107 skrzyd\u0142a, ale z lekko\u015bci\u0105 i harmoni\u0105.<\/p>\n","protected":false},"excerpt":{"rendered":"<p>Bransoletka zodiakalna <strong>BLI\u0179NI\u0118TA<\/strong><\/p>\n<p class=\"gwpadee94ec_p3\"><span class=\"gwpadee94ec_s2\">Turmalin, Ametyst, Cytryn<br \/>\nBransoletka na lince z zapi\u0119ciem makramowym<\/span><\/p>\n<p>Wykonanie:<br \/>\nKamienie naturalne<br \/>\nElementy ze srebra i srebra poz\u0142acanego<\/p>\n<p class=\"gwpadee94ec_p3\">\n","protected":false},"featured_media":267,"comment_status":"open","ping_status":"closed","template":"","meta":[],"product_brand":[17],"product_cat":[18],"product_tag":[23,25,26,24],"class_list":{"0":"post-616","1":"product","2":"type-product","3":"status-publish","4":"has-post-thumbnail","6":"product_brand-tasunka","7":"product_cat-kolekcja-zodiakalna","8":"product_tag-bizuteria","9":"product_tag-bizuteria-z-intencja","10":"product_tag-bransoletki","11":"product_tag-kamienie-naturalne","12":"product_shipping_class-8x8x2","14":"first","15":"instock","16":"taxable","17":"shipping-taxable","18":"purchasable","19":"product-type-simple"},"jetpack_sharing_enabled":true,"_links":{"self":[{"href":"https:\/\/tasunka.pl\/index.php?rest_route=\/wp\/v2\/product\/616","targetHints":{"allow":["GET"]}}],"collection":[{"href":"https:\/\/tasunka.pl\/index.php?rest_route=\/wp\/v2\/product"}],"about":[{"href":"https:\/\/tasunka.pl\/index.php?rest_route=\/wp\/v2\/types\/product"}],"replies":[{"embeddable":true,"href":"https:\/\/tasunka.pl\/index.php?rest_route=%2Fwp%2Fv2%2Fcomments&post=616"}],"wp:featuredmedia":[{"embeddable":true,"href":"https:\/\/tasunka.pl\/index.php?rest_route=\/wp\/v2\/media\/267"}],"wp:attachment":[{"href":"https:\/\/tasunka.pl\/index.php?rest_route=%2Fwp%2Fv2%2Fmedia&parent=616"}],"wp:term":[{"taxonomy":"product_brand","embeddable":true,"href":"https:\/\/tasunka.pl\/index.php?rest_route=%2Fwp%2Fv2%2Fproduct_brand&post=616"},{"taxonomy":"product_cat","embeddable":true,"href":"https:\/\/tasunka.pl\/index.php?rest_route=%2Fwp%2Fv2%2Fproduct_cat&post=616"},{"taxonomy":"product_tag","embeddable":true,"href":"https:\/\/tasunka.pl\/index.php?rest_route=%2Fwp%2Fv2%2Fproduct_tag&post=616"}],"curies":[{"name":"wp","href":"https:\/\/api.w.org\/{rel}","templated":true}]}}