{"id":615,"date":"2026-02-22T10:07:06","date_gmt":"2026-02-22T09:07:06","guid":{"rendered":"https:\/\/tasunka.pl\/?post_type=product&#038;p=615"},"modified":"2026-02-22T10:15:32","modified_gmt":"2026-02-22T09:15:32","slug":"bransoletka-byk","status":"publish","type":"product","link":"https:\/\/tasunka.pl\/?product=bransoletka-byk","title":{"rendered":"Bransoletka Byk"},"content":{"rendered":"<p class=\"gwpf52aed1c_p3\"><span class=\"gwpf52aed1c_s5\">Bransoletka zodiakalna <strong>Byk<br \/>\n<\/strong><\/span><span class=\"gwpf52aed1c_s3\">Kamienie: <\/span><strong><span class=\"gwpf52aed1c_s3\">Turmalin \u2022 Awenturyn \u2022 Cytryn \u2022 Tygrysie oko<\/span><\/strong><\/p>\n<p class=\"gwpf52aed1c_p3\"><span class=\"gwpf52aed1c_s3\">Stabilno\u015b\u0107, kt\u00f3ra daje spok\u00f3j. Obfito\u015b\u0107, kt\u00f3ra rodzi si\u0119 z harmonii.<br \/>\nByk to znak ziemi \u2014 uosobienie wytrwa\u0142o\u015bci, zmys\u0142owo\u015bci i g\u0142\u0119bokiego przywi\u0105zania do pi\u0119kna i komfortu. Bransoletka \u201eByk\u201d powsta\u0142a z intencj\u0105 wzmocnienia naturalnych zasob\u00f3w tego znaku: wewn\u0119trznego spokoju, poczucia bezpiecze\u0144stwa oraz przyci\u0105gania dobrobytu. <\/span><\/p>\n<p class=\"gwpf52aed1c_p3\"><span class=\"gwpf52aed1c_s3\">Ta bransoletka \u0142\u0105czy w sobie cztery kamienie o wyj\u0105tkowej energii:<br \/>\n<\/span><\/p>\n<p>\u26ab\u00a0<strong>Turmalin<\/strong>\u00a0\u2013 kamie\u0144 ochronny i uziemiaj\u0105cy. Chroni przed negatywn\u0105 energi\u0105 i pomaga zachowa\u0107 r\u00f3wnowag\u0119 emocjonaln\u0105.<br \/>\n\ud83d\udc9a\u00a0<strong>Awenturyn<\/strong>\u00a0\u2013 kamie\u0144 szcz\u0119\u015bcia, dobrobytu i otwarto\u015bci na nowe mo\u017cliwo\u015bci. Wzmacnia poczucie w\u0142asnej warto\u015bci i przyci\u0105ga sprzyjaj\u0105ce okoliczno\u015bci.<br \/>\n\ud83d\udfe1\u00a0<strong>Cytryn<\/strong>\u00a0\u2013 kamie\u0144 s\u0142o\u0144ca, rado\u015bci i obfito\u015bci. Wspiera energi\u0119 dzia\u0142ania, kreatywno\u015bci i finansowego powodzenia.<br \/>\n\ud83d\udfe4\u00a0<strong>Tygrysie Oko<\/strong> \u2013 kamie\u0144 odwagi, si\u0142y i realizmu. Pomaga podejmowa\u0107 m\u0105dre decyzje, chroni i wzmacnia determinacj\u0119.<\/p>\n<p>To wyj\u0105tkowa kompozycja dla Byka, kt\u00f3ry pragnie \u017cy\u0107 w rytmie natury, z klas\u0105, spokojem i g\u0142\u0119bok\u0105 wewn\u0119trzn\u0105 si\u0142\u0105.<\/p>\n","protected":false},"excerpt":{"rendered":"<p>Bransoletka zodiakalna <strong>BYK<\/strong><\/p>\n<p class=\"gwpadee94ec_p3\"><span class=\"gwpadee94ec_s2\">Turmalin, Awenturyn, Cytryn, Tygrysie oko<br \/>\nBransoletka na lince z zapi\u0119ciem makramowym<\/span><\/p>\n<p>Wykonanie:<br \/>\nKamienie naturalne<br \/>\nElementy ze srebra i srebra poz\u0142acanego<\/p>\n<p class=\"gwpadee94ec_p3\">\n","protected":false},"featured_media":279,"comment_status":"open","ping_status":"closed","template":"","meta":[],"product_brand":[17],"product_cat":[18],"product_tag":[23,25,26,24],"class_list":{"0":"post-615","1":"product","2":"type-product","3":"status-publish","4":"has-post-thumbnail","6":"product_brand-tasunka","7":"product_cat-kolekcja-zodiakalna","8":"product_tag-bizuteria","9":"product_tag-bizuteria-z-intencja","10":"product_tag-bransoletki","11":"product_tag-kamienie-naturalne","12":"product_shipping_class-8x8x2","14":"first","15":"instock","16":"taxable","17":"shipping-taxable","18":"purchasable","19":"product-type-simple"},"jetpack_sharing_enabled":true,"_links":{"self":[{"href":"https:\/\/tasunka.pl\/index.php?rest_route=\/wp\/v2\/product\/615","targetHints":{"allow":["GET"]}}],"collection":[{"href":"https:\/\/tasunka.pl\/index.php?rest_route=\/wp\/v2\/product"}],"about":[{"href":"https:\/\/tasunka.pl\/index.php?rest_route=\/wp\/v2\/types\/product"}],"replies":[{"embeddable":true,"href":"https:\/\/tasunka.pl\/index.php?rest_route=%2Fwp%2Fv2%2Fcomments&post=615"}],"wp:featuredmedia":[{"embeddable":true,"href":"https:\/\/tasunka.pl\/index.php?rest_route=\/wp\/v2\/media\/279"}],"wp:attachment":[{"href":"https:\/\/tasunka.pl\/index.php?rest_route=%2Fwp%2Fv2%2Fmedia&parent=615"}],"wp:term":[{"taxonomy":"product_brand","embeddable":true,"href":"https:\/\/tasunka.pl\/index.php?rest_route=%2Fwp%2Fv2%2Fproduct_brand&post=615"},{"taxonomy":"product_cat","embeddable":true,"href":"https:\/\/tasunka.pl\/index.php?rest_route=%2Fwp%2Fv2%2Fproduct_cat&post=615"},{"taxonomy":"product_tag","embeddable":true,"href":"https:\/\/tasunka.pl\/index.php?rest_route=%2Fwp%2Fv2%2Fproduct_tag&post=615"}],"curies":[{"name":"wp","href":"https:\/\/api.w.org\/{rel}","templated":true}]}}