{"id":614,"date":"2026-02-22T09:55:16","date_gmt":"2026-02-22T08:55:16","guid":{"rendered":"https:\/\/tasunka.pl\/?post_type=product&#038;p=614"},"modified":"2026-02-22T10:06:40","modified_gmt":"2026-02-22T09:06:40","slug":"bransoletka-baran","status":"publish","type":"product","link":"https:\/\/tasunka.pl\/?product=bransoletka-baran","title":{"rendered":"Bransoletka Baran"},"content":{"rendered":"<p class=\"gwpf52aed1c_p3\"><span class=\"gwpf52aed1c_s5\">Bransoletka zodiakalna <strong>Baran<br \/>\n<\/strong><\/span><span class=\"gwpf52aed1c_s3\">Kamienie: <\/span><strong><span class=\"gwpf52aed1c_s3\">Granat \u2022 Ametyst<\/span><\/strong><\/p>\n<p class=\"gwpf52aed1c_p3\"><span class=\"gwpf52aed1c_s3\">Ogie\u0144 odwagi. M\u0105dro\u015b\u0107 wewn\u0119trznej r\u00f3wnowagi.<br \/>\nBaran to urodzony lider \u2014 pe\u0142en pasji, determinacji i gotowo\u015bci do dzia\u0142ania. Bransoletka \u201eBaran\u201d powsta\u0142a z my\u015bl\u0105 o osobach spod tego znaku, kt\u00f3re potrzebuj\u0105 zar\u00f3wno wsparcia swojej \u017cywio\u0142owej natury, jak i subtelnego przewodnictwa w kierunku harmonii i spokoju. <\/span><\/p>\n<p class=\"gwpf52aed1c_p3\"><span class=\"gwpf52aed1c_s3\">Ta bransoletka \u0142\u0105czy w sobie dwa kamienie o wyj\u0105tkowej energii:<br \/>\n<\/span><\/p>\n<p>\ud83d\udfe5\u00a0<strong>Granat<\/strong>\u00a0\u2013 kamie\u0144 si\u0142y \u017cyciowej, odwagi i lojalno\u015bci. Wspiera w realizacji cel\u00f3w, wzmacnia wytrwa\u0142o\u015b\u0107 i przyci\u0105ga sukces w zgodzie z w\u0142asn\u0105 to\u017csamo\u015bci\u0105.<br \/>\n\ud83d\udc9c\u00a0<strong>Ametyst<\/strong>\u00a0\u2013 kamie\u0144 duchowej r\u00f3wnowagi i klarowno\u015bci my\u015bli. U\u0142atwia podejmowanie m\u0105drych decyzji, chroni przed impulsywno\u015bci\u0105 i pomaga utrzyma\u0107 spok\u00f3j w sercu<\/p>\n","protected":false},"excerpt":{"rendered":"<p>Bransoletka zodiakalna<br \/>\nBaran<\/p>\n<p class=\"gwpadee94ec_p3\"><span class=\"gwpadee94ec_s2\">Granat, Ametyst<br \/>\nBransoletka na lince z zapi\u0119ciem makramowym<\/span><\/p>\n<p>Wykonanie:<br \/>\nKamienie naturalne<br \/>\nElementy ze srebra i srebra poz\u0142acanego<\/p>\n<p class=\"gwpadee94ec_p3\">\n","protected":false},"featured_media":273,"comment_status":"open","ping_status":"closed","template":"","meta":[],"product_brand":[17],"product_cat":[18],"product_tag":[23,25,26,24],"class_list":{"0":"post-614","1":"product","2":"type-product","3":"status-publish","4":"has-post-thumbnail","6":"product_brand-tasunka","7":"product_cat-kolekcja-zodiakalna","8":"product_tag-bizuteria","9":"product_tag-bizuteria-z-intencja","10":"product_tag-bransoletki","11":"product_tag-kamienie-naturalne","12":"product_shipping_class-8x8x2","14":"first","15":"instock","16":"taxable","17":"shipping-taxable","18":"purchasable","19":"product-type-simple"},"jetpack_sharing_enabled":true,"_links":{"self":[{"href":"https:\/\/tasunka.pl\/index.php?rest_route=\/wp\/v2\/product\/614","targetHints":{"allow":["GET"]}}],"collection":[{"href":"https:\/\/tasunka.pl\/index.php?rest_route=\/wp\/v2\/product"}],"about":[{"href":"https:\/\/tasunka.pl\/index.php?rest_route=\/wp\/v2\/types\/product"}],"replies":[{"embeddable":true,"href":"https:\/\/tasunka.pl\/index.php?rest_route=%2Fwp%2Fv2%2Fcomments&post=614"}],"wp:featuredmedia":[{"embeddable":true,"href":"https:\/\/tasunka.pl\/index.php?rest_route=\/wp\/v2\/media\/273"}],"wp:attachment":[{"href":"https:\/\/tasunka.pl\/index.php?rest_route=%2Fwp%2Fv2%2Fmedia&parent=614"}],"wp:term":[{"taxonomy":"product_brand","embeddable":true,"href":"https:\/\/tasunka.pl\/index.php?rest_route=%2Fwp%2Fv2%2Fproduct_brand&post=614"},{"taxonomy":"product_cat","embeddable":true,"href":"https:\/\/tasunka.pl\/index.php?rest_route=%2Fwp%2Fv2%2Fproduct_cat&post=614"},{"taxonomy":"product_tag","embeddable":true,"href":"https:\/\/tasunka.pl\/index.php?rest_route=%2Fwp%2Fv2%2Fproduct_tag&post=614"}],"curies":[{"name":"wp","href":"https:\/\/api.w.org\/{rel}","templated":true}]}}