{"id":407,"date":"2021-07-17T10:39:31","date_gmt":"2021-07-17T10:39:31","guid":{"rendered":"https:\/\/demo.athemes.com\/botiga\/?post_type=product&#038;p=40"},"modified":"2026-01-06T11:47:11","modified_gmt":"2026-01-06T10:47:11","slug":"facial-treatment-essence-pitera-essence","status":"publish","type":"product","link":"https:\/\/tasunka.pl\/?product=facial-treatment-essence-pitera-essence","title":{"rendered":"Bransoletka Waga"},"content":{"rendered":"<p class=\"gwpf52aed1c_p3\"><span class=\"gwpf52aed1c_s5\">Bransoletka zodiakalna <strong>Waga<br \/>\n<\/strong><\/span><span class=\"gwpf52aed1c_s3\">Kamienie:<\/span><strong><span class=\"gwpf52aed1c_s3\"> Ametyst \u2022 Awenturyn \u2022 Kamie\u0144 Ksi\u0119\u017cycowy<\/span><\/strong><\/p>\n<p>Pi\u0119kno r\u00f3wnowagi. Lekko\u015b\u0107 serca. Moc wewn\u0119trznej harmonii.<\/p>\n<p><strong>Waga<\/strong> to znak powietrza, kt\u00f3ry pragnie harmonii, sprawiedliwo\u015bci i pi\u0119kna \u2014 zar\u00f3wno w \u015bwiecie zewn\u0119trznym, jak i wewn\u0119trznym. Bransoletka \u201eWaga\u201d zosta\u0142a stworzona z my\u015bl\u0105 o osobach, kt\u00f3re poszukuj\u0105 r\u00f3wnowagi w relacjach, emocjach i decyzjach.<\/p>\n<p>\ud83d\udfe3 Ametyst \u2013 kamie\u0144 wyciszenia, duchowej m\u0105dro\u015bci i ochrony przed chaosem. Pomaga Wag\u0119 utrzyma\u0107 klarowno\u015b\u0107 my\u015bli i spok\u00f3j serca.<br \/>\n\ud83d\udc9a Awenturyn \u2013 kamie\u0144 dobrostanu i szcz\u0119\u015bcia. Wspiera pozytywne nastawienie, otwiera na rado\u015b\u0107 i wspomaga podejmowanie decyzji w zgodzie z sercem.<br \/>\n\ud83e\udd0d Kamie\u0144 Ksi\u0119\u017cycowy \u2013 wzmacnia intuicj\u0119 i wra\u017cliwo\u015b\u0107 emocjonaln\u0105. Pomaga zaufa\u0107 swoim odczuciom i odnale\u017a\u0107 wewn\u0119trzn\u0105 r\u00f3wnowag\u0119.<\/p>\n<p>Delikatna, a zarazem pe\u0142na znaczenia \u2014 ta bransoletka to subtelna afirmacja lekko\u015bci i harmonii, kt\u00f3re s\u0105 dusz\u0105 Wagi.<\/p>\n<p>&nbsp;<\/p>\n","protected":false},"excerpt":{"rendered":"<p>Bransoletka zodiakalna<br \/>\nWaga<\/p>\n<p class=\"gwpadee94ec_p3\"><span class=\"gwpadee94ec_s2\">Ametyst, Awenturyn, Kamie\u0144 Ksi\u0119\u017cycowy<br \/>\nBransoletka na lince z zapi\u0119ciem makramowym<\/span><\/p>\n<p>Wykonanie:<br \/>\nKamienie naturalne<br \/>\nElementy ze stali szlachetnej poz\u0142acanej<\/p>\n","protected":false},"featured_media":249,"comment_status":"open","ping_status":"closed","template":"","meta":[],"product_brand":[],"product_cat":[18],"product_tag":[],"class_list":{"0":"post-407","1":"product","2":"type-product","3":"status-publish","4":"has-post-thumbnail","6":"product_cat-kolekcja-zodiakalna","8":"first","9":"instock","10":"taxable","11":"shipping-taxable","12":"purchasable","13":"product-type-simple"},"jetpack_sharing_enabled":true,"_links":{"self":[{"href":"https:\/\/tasunka.pl\/index.php?rest_route=\/wp\/v2\/product\/407","targetHints":{"allow":["GET"]}}],"collection":[{"href":"https:\/\/tasunka.pl\/index.php?rest_route=\/wp\/v2\/product"}],"about":[{"href":"https:\/\/tasunka.pl\/index.php?rest_route=\/wp\/v2\/types\/product"}],"replies":[{"embeddable":true,"href":"https:\/\/tasunka.pl\/index.php?rest_route=%2Fwp%2Fv2%2Fcomments&post=407"}],"wp:featuredmedia":[{"embeddable":true,"href":"https:\/\/tasunka.pl\/index.php?rest_route=\/wp\/v2\/media\/249"}],"wp:attachment":[{"href":"https:\/\/tasunka.pl\/index.php?rest_route=%2Fwp%2Fv2%2Fmedia&parent=407"}],"wp:term":[{"taxonomy":"product_brand","embeddable":true,"href":"https:\/\/tasunka.pl\/index.php?rest_route=%2Fwp%2Fv2%2Fproduct_brand&post=407"},{"taxonomy":"product_cat","embeddable":true,"href":"https:\/\/tasunka.pl\/index.php?rest_route=%2Fwp%2Fv2%2Fproduct_cat&post=407"},{"taxonomy":"product_tag","embeddable":true,"href":"https:\/\/tasunka.pl\/index.php?rest_route=%2Fwp%2Fv2%2Fproduct_tag&post=407"}],"curies":[{"name":"wp","href":"https:\/\/api.w.org\/{rel}","templated":true}]}}