{"id":299,"date":"2025-12-18T12:42:52","date_gmt":"2025-12-18T11:42:52","guid":{"rendered":"https:\/\/tasunka.pl\/?post_type=product&#038;p=299"},"modified":"2026-01-11T22:51:27","modified_gmt":"2026-01-11T21:51:27","slug":"bransoletka-wodnik","status":"publish","type":"product","link":"https:\/\/tasunka.pl\/?product=bransoletka-wodnik","title":{"rendered":"Bransoletka Wodnik"},"content":{"rendered":"<p class=\"gwpf52aed1c_p3\"><span class=\"gwpf52aed1c_s5\">Bransoletka zodiakalna <strong>Wodnik<br \/>\n<\/strong><\/span><span class=\"gwpf52aed1c_s3\">Kamienie: <\/span><strong><span class=\"gwpf52aed1c_s3\">Akwamaryn \u2022 Kryszta\u0142 G\u00f3rski \u2022 Kamie\u0144 Ksi\u0119\u017cycowy<\/span><\/strong><\/p>\n<p class=\"gwpf52aed1c_p3\"><span class=\"gwpf52aed1c_s3\">Dla tych, kt\u00f3rzy my\u015bl\u0105 nieszablonowo, czuj\u0105 g\u0142\u0119boko i wierz\u0105 w lepsze jutro.<br \/>\n<\/span><span class=\"gwpf52aed1c_s3\">Zaprojektowana z my\u015bl\u0105 o osobach spod znaku Wodnika \u2014 wizjonerach, indywidualistach, duszach wolnych, kt\u00f3re ceni\u0105 niezale\u017cno\u015b\u0107, oryginalno\u015b\u0107 i wewn\u0119trzn\u0105 prawd\u0119. Ta bransoletka \u0142\u0105czy w sobie trzy kamienie o wyj\u0105tkowej energii:<br \/>\n<\/span><span class=\"gwpf52aed1c_s3\">\ud83d\udd37\u00a0<\/span><strong><span class=\"gwpf52aed1c_s2\">Akwamaryn<\/span><\/strong><span class=\"gwpf52aed1c_s3\"><strong>\u00a0<\/strong>\u2013 kamie\u0144 odwagi, spokoju i klarowno\u015bci. Pomaga wyra\u017ca\u0107 siebie autentycznie, bez l\u0119ku przed ocen\u0105. Harmonizuje my\u015bli i wspiera emocjonaln\u0105 r\u00f3wnowag\u0119.<br \/>\n<\/span><span class=\"gwpf52aed1c_s3\">\ud83e\udd0d\u00a0<\/span><strong><span class=\"gwpf52aed1c_s2\">Kryszta\u0142 G\u00f3rski<\/span><\/strong><span class=\"gwpf52aed1c_s3\">\u00a0\u2013 pot\u0119\u017cny wzmacniacz energii, symbol czysto\u015bci i przejrzysto\u015bci. Usuwa blokady, pobudza kreatywno\u015b\u0107 i wzmacnia intuicj\u0119.<br \/>\n<\/span><span class=\"gwpf52aed1c_s3\">\ud83c\udf19\u00a0<\/span><strong><span class=\"gwpf52aed1c_s2\">Kamie\u0144 Ksi\u0119\u017cycowy<\/span><\/strong><span class=\"gwpf52aed1c_s3\">\u00a0\u2013 esencja subtelnej si\u0142y i m\u0105dro\u015bci. Prowadzi przez emocjonalne procesy, otwiera na g\u0142\u0119bsze odczuwanie i wzmacnia wewn\u0119trzne \u015bwiat\u0142o.<br \/>\n<\/span><span class=\"gwpf52aed1c_s3\">Bransoletka \u201eWodnik\u201d to nie tylko bi\u017cuteria \u2014 to subtelny manifest Twojej wyj\u0105tkowo\u015bci. Niech b\u0119dzie talizmanem wspieraj\u0105cym Ci\u0119 w odkrywaniu siebie, \u017cycia w zgodzie z w\u0142asn\u0105 prawd\u0105 i budowaniu \u015bwiata, kt\u00f3rego pragniesz.<\/span><\/p>\n","protected":false},"excerpt":{"rendered":"<p>Bransoletka zodiakalna<br \/>\nWodnik<\/p>\n<p class=\"gwpadee94ec_p3\"><span class=\"gwpadee94ec_s2\">Akwamatyn, Kryszta\u0142 G\u00f3rski, Kamie\u0144 Ksi\u0119\u017cycowy<br \/>\nBransoletka na lince z zapi\u0119ciem makramowym<\/span><\/p>\n<p>Wykonanie:<br \/>\nKamienie naturalne<br \/>\nElementy ze stali szlachetnej poz\u0142acanej<\/p>\n<p class=\"gwpadee94ec_p3\">\n","protected":false},"featured_media":276,"comment_status":"open","ping_status":"closed","template":"","meta":[],"product_brand":[17],"product_cat":[18],"product_tag":[23,25,26,24],"class_list":{"0":"post-299","1":"product","2":"type-product","3":"status-publish","4":"has-post-thumbnail","6":"product_brand-tasunka","7":"product_cat-kolekcja-zodiakalna","8":"product_tag-bizuteria","9":"product_tag-bizuteria-z-intencja","10":"product_tag-bransoletki","11":"product_tag-kamienie-naturalne","12":"product_shipping_class-8x8x2","14":"first","15":"instock","16":"taxable","17":"shipping-taxable","18":"purchasable","19":"product-type-simple"},"jetpack_sharing_enabled":true,"_links":{"self":[{"href":"https:\/\/tasunka.pl\/index.php?rest_route=\/wp\/v2\/product\/299","targetHints":{"allow":["GET"]}}],"collection":[{"href":"https:\/\/tasunka.pl\/index.php?rest_route=\/wp\/v2\/product"}],"about":[{"href":"https:\/\/tasunka.pl\/index.php?rest_route=\/wp\/v2\/types\/product"}],"replies":[{"embeddable":true,"href":"https:\/\/tasunka.pl\/index.php?rest_route=%2Fwp%2Fv2%2Fcomments&post=299"}],"wp:featuredmedia":[{"embeddable":true,"href":"https:\/\/tasunka.pl\/index.php?rest_route=\/wp\/v2\/media\/276"}],"wp:attachment":[{"href":"https:\/\/tasunka.pl\/index.php?rest_route=%2Fwp%2Fv2%2Fmedia&parent=299"}],"wp:term":[{"taxonomy":"product_brand","embeddable":true,"href":"https:\/\/tasunka.pl\/index.php?rest_route=%2Fwp%2Fv2%2Fproduct_brand&post=299"},{"taxonomy":"product_cat","embeddable":true,"href":"https:\/\/tasunka.pl\/index.php?rest_route=%2Fwp%2Fv2%2Fproduct_cat&post=299"},{"taxonomy":"product_tag","embeddable":true,"href":"https:\/\/tasunka.pl\/index.php?rest_route=%2Fwp%2Fv2%2Fproduct_tag&post=299"}],"curies":[{"name":"wp","href":"https:\/\/api.w.org\/{rel}","templated":true}]}}