{"id":298,"date":"2025-12-18T12:32:49","date_gmt":"2025-12-18T11:32:49","guid":{"rendered":"https:\/\/tasunka.pl\/?post_type=product&#038;p=298"},"modified":"2026-01-11T22:51:06","modified_gmt":"2026-01-11T21:51:06","slug":"bransoletka-koziorozec","status":"publish","type":"product","link":"https:\/\/tasunka.pl\/?product=bransoletka-koziorozec","title":{"rendered":"Bransoletka Kozioro\u017cec"},"content":{"rendered":"<p class=\"gwpf52aed1c_p3\"><span class=\"gwpf52aed1c_s5\">Bransoletka zodiakalna <strong>Kozioro\u017cec<br \/>\n<\/strong><\/span><span class=\"gwpf52aed1c_s3\">Kamienie: <\/span><strong><span class=\"gwpf52aed1c_s3\">Turmalin \u2022 Granat \u2022 Ametyst \u2022 Kamie\u0144 Ksi\u0119\u017cycowy<\/span><\/strong><\/p>\n<p class=\"gwpf52aed1c_p3\"><span class=\"gwpf52aed1c_s3\">Determinacja, kt\u00f3ra zna swoj\u0105 warto\u015b\u0107. Spok\u00f3j, kt\u00f3ry prowadzi do celu.<br \/>\n<\/span><span class=\"gwpf52aed1c_s3\">Bransoletka zaprojektowana specjalnie z my\u015bl\u0105 o osobach spod znaku Kozioro\u017cca \u2013 urodzonych liderach, pe\u0142nych wytrwa\u0142o\u015bci, konsekwencji i g\u0142\u0119bokiej wewn\u0119trznej si\u0142y. Zestaw naturalnych kamieni wspiera zar\u00f3wno w realizacji ambicji, jak i w odnalezieniu balansu mi\u0119dzy dzia\u0142aniem a regeneracj\u0105.<\/span><\/p>\n<p class=\"gwpf52aed1c_p3\"><span class=\"gwpf52aed1c_s3\">\u26ab\u00a0<\/span><span class=\"gwpf52aed1c_s2\">Turmalin<\/span><span class=\"gwpf52aed1c_s3\">\u00a0\u2013 pot\u0119\u017cna ochrona energetyczna. Wycisza chaos, chroni przed wp\u0142ywem negatywnej energii i pomaga utrzyma\u0107 jasno\u015b\u0107 umys\u0142u.<br \/>\n<\/span><span class=\"gwpf52aed1c_s3\">\u2764\ufe0f\u00a0<\/span><span class=\"gwpf52aed1c_s2\">Granat<\/span><span class=\"gwpf52aed1c_s3\">\u00a0\u2013 kamie\u0144 si\u0142y woli, pasji i motywacji. Wspiera d\u0105\u017cenie do cel\u00f3w, podsyca ambicj\u0119 i wewn\u0119trzn\u0105 determinacj\u0119.<br \/>\n<\/span><span class=\"gwpf52aed1c_s3\">\ud83d\udc9c\u00a0<\/span><span class=\"gwpf52aed1c_s2\">Ametyst<\/span><span class=\"gwpf52aed1c_s3\">\u00a0\u2013 symbol m\u0105dro\u015bci, duchowo\u015bci i harmonii. Pomaga wyciszy\u0107 emocje i wzmacnia intuicj\u0119.<br \/>\n<\/span><span class=\"gwpf52aed1c_s3\">\ud83e\udd0d\u00a0<\/span><span class=\"gwpf52aed1c_s2\">Kamie\u0144 Ksi\u0119\u017cycowy<\/span><span class=\"gwpf52aed1c_s3\">\u00a0\u2013 delikatny przewodnik emocji. U\u0142atwia kontakt z uczuciami, wspiera w procesach zmiany i przynosi wewn\u0119trzny spok\u00f3j.<br \/>\n<\/span><span class=\"gwpf52aed1c_s3\">Noszona z intencj\u0105 r\u00f3wnowagi i stabilno\u015bci, bransoletka\u00a0<\/span><span class=\"gwpf52aed1c_s2\">\u201eKozioro\u017cec\u201d<\/span><span class=\"gwpf52aed1c_s3\">\u00a0mo\u017ce sta\u0107 si\u0119 Twoim talizmanem \u2013 pomagaj\u0105cym \u0142\u0105czy\u0107 ch\u0142odn\u0105 si\u0142\u0119 z \u0142agodn\u0105 uwa\u017cno\u015bci\u0105 wobec siebie i \u015bwiata.<\/span><\/p>\n<p class=\"gwpf52aed1c_p2\">\n","protected":false},"excerpt":{"rendered":"<p>Bransoletka zodiakalna<br \/>\nKozioro\u017cece<\/p>\n<p class=\"gwpadee94ec_p3\"><span class=\"gwpadee94ec_s2\">Turmalin, Granat, Ametyst, Kamie\u0144 Ksi\u0119\u017cycowy<br \/>\nBransoletka na lince z zapi\u0119ciem makramowym<\/span><\/p>\n<p>Wykonanie:<br \/>\nKamienie naturalne<br \/>\nElementy ze stali szlachetnej poz\u0142acanej<\/p>\n<p class=\"gwpadee94ec_p3\">\n","protected":false},"featured_media":246,"comment_status":"open","ping_status":"closed","template":"","meta":[],"product_brand":[17],"product_cat":[18],"product_tag":[23,25,26,24],"class_list":{"0":"post-298","1":"product","2":"type-product","3":"status-publish","4":"has-post-thumbnail","6":"product_brand-tasunka","7":"product_cat-kolekcja-zodiakalna","8":"product_tag-bizuteria","9":"product_tag-bizuteria-z-intencja","10":"product_tag-bransoletki","11":"product_tag-kamienie-naturalne","13":"first","14":"instock","15":"taxable","16":"shipping-taxable","17":"purchasable","18":"product-type-simple"},"jetpack_sharing_enabled":true,"_links":{"self":[{"href":"https:\/\/tasunka.pl\/index.php?rest_route=\/wp\/v2\/product\/298","targetHints":{"allow":["GET"]}}],"collection":[{"href":"https:\/\/tasunka.pl\/index.php?rest_route=\/wp\/v2\/product"}],"about":[{"href":"https:\/\/tasunka.pl\/index.php?rest_route=\/wp\/v2\/types\/product"}],"replies":[{"embeddable":true,"href":"https:\/\/tasunka.pl\/index.php?rest_route=%2Fwp%2Fv2%2Fcomments&post=298"}],"wp:featuredmedia":[{"embeddable":true,"href":"https:\/\/tasunka.pl\/index.php?rest_route=\/wp\/v2\/media\/246"}],"wp:attachment":[{"href":"https:\/\/tasunka.pl\/index.php?rest_route=%2Fwp%2Fv2%2Fmedia&parent=298"}],"wp:term":[{"taxonomy":"product_brand","embeddable":true,"href":"https:\/\/tasunka.pl\/index.php?rest_route=%2Fwp%2Fv2%2Fproduct_brand&post=298"},{"taxonomy":"product_cat","embeddable":true,"href":"https:\/\/tasunka.pl\/index.php?rest_route=%2Fwp%2Fv2%2Fproduct_cat&post=298"},{"taxonomy":"product_tag","embeddable":true,"href":"https:\/\/tasunka.pl\/index.php?rest_route=%2Fwp%2Fv2%2Fproduct_tag&post=298"}],"curies":[{"name":"wp","href":"https:\/\/api.w.org\/{rel}","templated":true}]}}