{"id":297,"date":"2025-12-18T12:18:38","date_gmt":"2025-12-18T11:18:38","guid":{"rendered":"https:\/\/tasunka.pl\/?post_type=product&#038;p=297"},"modified":"2026-01-06T11:06:15","modified_gmt":"2026-01-06T10:06:15","slug":"bransoletka-witalnosc-i-sila","status":"publish","type":"product","link":"https:\/\/tasunka.pl\/?product=bransoletka-witalnosc-i-sila","title":{"rendered":"Bransoletka Witalno\u015b\u0107 i Si\u0142a"},"content":{"rendered":"<p class=\"gwpf52aed1c_p3\"><span class=\"gwpf52aed1c_s5\">Bransoletka intencyjna <strong>Intuicja<br \/>\n<\/strong><\/span><span class=\"gwpf52aed1c_s3\">Kamienie:<\/span><strong><span class=\"gwpf52aed1c_s3\"> Granat \u2022 Kryszta\u0142 G\u00f3rski \u2022 Kwarc R\u00f3\u017cowy \u2022 Cytryn<\/span><\/strong><\/p>\n<p class=\"gwpf52aed1c_p3\"><span class=\"gwpf52aed1c_s3\"><strong>Si\u0142a<\/strong>, kt\u00f3ra dodaje odwagi. <strong>Witalno\u015b\u0107<\/strong>, kt\u00f3ra rozbudza do \u017cycia.<br \/>\n<\/span><span class=\"gwpf52aed1c_s3\">Zaprojektowana dla os\u00f3b, kt\u00f3re pragn\u0105 odzyska\u0107 wewn\u0119trzn\u0105 moc, odnowi\u0107 si\u0142y witalne i kroczy\u0107 przez \u017cycie z podniesion\u0105 g\u0142ow\u0105. Ta bransoletka \u0142\u0105czy cztery wyj\u0105tkowe kamienie naturalne \u2014 ka\u017cdy z nich wnosi unikaln\u0105 energi\u0119, kt\u00f3ra wspiera cia\u0142o, umys\u0142 i serce.<\/span><\/p>\n<p class=\"gwpf52aed1c_p3\"><span class=\"gwpf52aed1c_s3\">\ud83d\udfe5\u00a0<\/span><strong><span class=\"gwpf52aed1c_s2\">Granat<\/span><\/strong><span class=\"gwpf52aed1c_s3\"><strong>\u00a0<\/strong>\u2013 kamie\u0144 pasji i determinacji. Wspiera motywacj\u0119, dodaje energii do dzia\u0142ania i budzi witalno\u015b\u0107 w chwilach zm\u0119czenia.<br \/>\n<\/span><span class=\"gwpf52aed1c_s3\">\ud83e\udd0d\u00a0<\/span><strong><span class=\"gwpf52aed1c_s2\">Kryszta\u0142 G\u00f3rski<\/span><\/strong><span class=\"gwpf52aed1c_s3\">\u00a0\u2013 kamie\u0144 czysto\u015bci i wzmocnienia. Oczyszcza energi\u0119, harmonizuje cia\u0142o i umys\u0142, pot\u0119guje dzia\u0142anie pozosta\u0142ych kamieni.<br \/>\n<\/span><span class=\"gwpf52aed1c_s3\">\ud83c\udf38 <\/span><strong><span class=\"gwpf52aed1c_s2\">Kwarc R\u00f3\u017cowy<\/span><\/strong><span class=\"gwpf52aed1c_s3\">\u00a0\u2013 kamie\u0144 bezwarunkowej mi\u0142o\u015bci. Dzia\u0142a \u0142agodz\u0105co na emocje, wspiera regeneracj\u0119 serca i sprzyja dobrostanowi.<br \/>\n<\/span><span class=\"gwpf52aed1c_s3\">\ud83d\udfe1\u00a0<\/span><strong><span class=\"gwpf52aed1c_s2\">Cytryn<\/span><\/strong><span class=\"gwpf52aed1c_s3\"><strong>\u00a0<\/strong>\u2013 kamie\u0144 s\u0142o\u0144ca. Dodaje rado\u015bci, optymizmu i przyci\u0105ga pozytywne zdarzenia. Pobudza wewn\u0119trzne \u015bwiat\u0142o i wzmacnia pewno\u015b\u0107 siebie.<br \/>\n<\/span><span class=\"gwpf52aed1c_s3\">Noszona z intencj\u0105 powrotu do si\u0142y, r\u00f3wnowagi i wewn\u0119trznego blasku, bransoletka\u00a0<\/span><span class=\"gwpf52aed1c_s2\">\u201eWitalno\u015b\u0107 i Si\u0142a\u201d<\/span><span class=\"gwpf52aed1c_s3\">mo\u017ce sta\u0107 si\u0119 Twoim energetycznym wsparciem ka\u017cdego dnia \u2014 subtelnym przypomnieniem, \u017ce Twoja moc pochodzi z wn\u0119trza.<\/span><\/p>\n<p class=\"gwpf52aed1c_p3\">\n","protected":false},"excerpt":{"rendered":"<p>Bransoletka z intencj\u0105<br \/>\nWitalno\u015b\u0107 i Si\u0142a<\/p>\n<p class=\"gwpadee94ec_p3\"><span class=\"gwpadee94ec_s2\">Granat, Cytryn, Kryszta\u0142 G\u00f3rski, Kwarc R\u00f3\u017cowy<br \/>\nBransoletka na lince z zapi\u0119ciem makramowym<\/span><\/p>\n<p>Wykonanie:<br \/>\nKamienie naturalne<br \/>\nElementy ze stali szlachetnej poz\u0142acanej<\/p>\n<p class=\"gwpadee94ec_p3\">\n","protected":false},"featured_media":240,"comment_status":"open","ping_status":"closed","template":"","meta":[],"product_brand":[17],"product_cat":[21],"product_tag":[23,25,26,24],"class_list":{"0":"post-297","1":"product","2":"type-product","3":"status-publish","4":"has-post-thumbnail","6":"product_brand-tasunka","7":"product_cat-bizuteria-z-intencja","8":"product_tag-bizuteria","9":"product_tag-bizuteria-z-intencja","10":"product_tag-bransoletki","11":"product_tag-kamienie-naturalne","13":"first","14":"instock","15":"taxable","16":"shipping-taxable","17":"purchasable","18":"product-type-simple"},"jetpack_sharing_enabled":true,"_links":{"self":[{"href":"https:\/\/tasunka.pl\/index.php?rest_route=\/wp\/v2\/product\/297","targetHints":{"allow":["GET"]}}],"collection":[{"href":"https:\/\/tasunka.pl\/index.php?rest_route=\/wp\/v2\/product"}],"about":[{"href":"https:\/\/tasunka.pl\/index.php?rest_route=\/wp\/v2\/types\/product"}],"replies":[{"embeddable":true,"href":"https:\/\/tasunka.pl\/index.php?rest_route=%2Fwp%2Fv2%2Fcomments&post=297"}],"wp:featuredmedia":[{"embeddable":true,"href":"https:\/\/tasunka.pl\/index.php?rest_route=\/wp\/v2\/media\/240"}],"wp:attachment":[{"href":"https:\/\/tasunka.pl\/index.php?rest_route=%2Fwp%2Fv2%2Fmedia&parent=297"}],"wp:term":[{"taxonomy":"product_brand","embeddable":true,"href":"https:\/\/tasunka.pl\/index.php?rest_route=%2Fwp%2Fv2%2Fproduct_brand&post=297"},{"taxonomy":"product_cat","embeddable":true,"href":"https:\/\/tasunka.pl\/index.php?rest_route=%2Fwp%2Fv2%2Fproduct_cat&post=297"},{"taxonomy":"product_tag","embeddable":true,"href":"https:\/\/tasunka.pl\/index.php?rest_route=%2Fwp%2Fv2%2Fproduct_tag&post=297"}],"curies":[{"name":"wp","href":"https:\/\/api.w.org\/{rel}","templated":true}]}}