{"id":296,"date":"2025-12-18T12:11:13","date_gmt":"2025-12-18T11:11:13","guid":{"rendered":"https:\/\/tasunka.pl\/?post_type=product&#038;p=296"},"modified":"2026-01-06T11:16:00","modified_gmt":"2026-01-06T10:16:00","slug":"bransoletka-intuicja","status":"publish","type":"product","link":"https:\/\/tasunka.pl\/?product=bransoletka-intuicja","title":{"rendered":"Bransoletka Intuicja"},"content":{"rendered":"<p class=\"gwpf52aed1c_p3\"><span class=\"gwpf52aed1c_s5\">Bransoletka intencyjna <strong>Intuicja<br \/>\n<\/strong><\/span><span class=\"gwpf52aed1c_s3\">Kamienie:\u00a0<\/span><strong><span class=\"gwpf52aed1c_s2\">Turmalin \u2022 Kamie\u0144 Ksi\u0119\u017cycowy \u2022 Kryszta\u0142 G\u00f3rski<\/span><\/strong><\/p>\n<p class=\"gwpf52aed1c_p3\"><span class=\"gwpf52aed1c_s3\">Cisza, w kt\u00f3rej s\u0142ycha\u0107 prawd\u0119. Wewn\u0119trzny g\u0142os, kt\u00f3ry prowadzi.<br \/>\n<\/span><span class=\"gwpf52aed1c_s3\">Zaprojektowana z my\u015bl\u0105 o osobach, kt\u00f3re pragn\u0105 g\u0142\u0119biej ws\u0142ucha\u0107 si\u0119 w siebie, odnale\u017a\u0107 spok\u00f3j wewn\u0119trzny i rozwin\u0105\u0107 zdolno\u015b\u0107 wyczuwania subtelnych sygna\u0142\u00f3w \u017cycia. Ta bransoletka to harmonijne po\u0142\u0105czenie trzech kamieni o wyj\u0105tkowej, duchowej energii:<\/span><\/p>\n<p class=\"gwpf52aed1c_p3\"><span class=\"gwpf52aed1c_s3\">\u26ab\u00a0<\/span><strong><span class=\"gwpf52aed1c_s2\">Turmalin<\/span><\/strong><span class=\"gwpf52aed1c_s3\"><strong>\u00a0<\/strong>\u2013 kamie\u0144 ochrony i uziemienia. Tworzy bezpieczn\u0105 przestrze\u0144 do s\u0142uchania intuicji, chroni\u0105c przed negatywnymi wp\u0142ywami z zewn\u0105trz.<br \/>\n<\/span><span class=\"gwpf52aed1c_s3\">\ud83c\udf15\u00a0<\/span><strong><span class=\"gwpf52aed1c_s2\">Kamie\u0144 Ksi\u0119\u017cycowy<\/span><\/strong><span class=\"gwpf52aed1c_s3\">\u00a0\u2013 subtelna, kobieca energia. Wzmacnia kontakt z emocjami, cyklami natury i wewn\u0119trzn\u0105 m\u0105dro\u015bci\u0105.<br \/>\n<\/span><span class=\"gwpf52aed1c_s3\">\ud83e\udd0d\u00a0<\/span><strong><span class=\"gwpf52aed1c_s2\">Kryszta\u0142 G\u00f3rski<\/span><\/strong><span class=\"gwpf52aed1c_s3\">\u00a0\u2013 esencja czysto\u015bci i \u015bwiat\u0142a. Harmonizuje energi\u0119, wzmacnia dzia\u0142anie innych kamieni i otwiera na duchowe prowadzenie.<br \/>\n<\/span><span class=\"gwpf52aed1c_s3\">Noszona z intencj\u0105 zaufania do siebie, bransoletka\u00a0<\/span><strong><span class=\"gwpf52aed1c_s2\">Intuicja<\/span><\/strong><span class=\"gwpf52aed1c_s3\"><strong>\u00a0<\/strong>staje si\u0119 Twoim osobistym przewodnikiem \u2014 wspieraj\u0105cym w codziennych decyzjach, w wewn\u0119trznym spokoju i w odnajdywaniu \u015bcie\u017cki serca.<\/span><\/p>\n<p class=\"gwpf52aed1c_p3\">\n","protected":false},"excerpt":{"rendered":"<p>Bransoletka z intencj\u0105<br \/>\nIntuicja<\/p>\n<p class=\"gwpadee94ec_p3\"><span class=\"gwpadee94ec_s2\">Turmalin, Kamie\u0144 Ksi\u0119\u017cycowy, Kryszta\u0142 G\u00f3rski<br \/>\nBransoletka na lince z zapi\u0119ciem makramowym<\/span><\/p>\n<p>Wykonanie:<br \/>\nKamienie naturalne<br \/>\nElementy ze stali szlachetnej poz\u0142acanej<\/p>\n<p class=\"gwpadee94ec_p3\">\n","protected":false},"featured_media":234,"comment_status":"open","ping_status":"closed","template":"","meta":[],"product_brand":[17],"product_cat":[21],"product_tag":[23,25,26,24],"class_list":{"0":"post-296","1":"product","2":"type-product","3":"status-publish","4":"has-post-thumbnail","6":"product_brand-tasunka","7":"product_cat-bizuteria-z-intencja","8":"product_tag-bizuteria","9":"product_tag-bizuteria-z-intencja","10":"product_tag-bransoletki","11":"product_tag-kamienie-naturalne","13":"first","14":"instock","15":"taxable","16":"shipping-taxable","17":"purchasable","18":"product-type-simple"},"jetpack_sharing_enabled":true,"_links":{"self":[{"href":"https:\/\/tasunka.pl\/index.php?rest_route=\/wp\/v2\/product\/296","targetHints":{"allow":["GET"]}}],"collection":[{"href":"https:\/\/tasunka.pl\/index.php?rest_route=\/wp\/v2\/product"}],"about":[{"href":"https:\/\/tasunka.pl\/index.php?rest_route=\/wp\/v2\/types\/product"}],"replies":[{"embeddable":true,"href":"https:\/\/tasunka.pl\/index.php?rest_route=%2Fwp%2Fv2%2Fcomments&post=296"}],"wp:featuredmedia":[{"embeddable":true,"href":"https:\/\/tasunka.pl\/index.php?rest_route=\/wp\/v2\/media\/234"}],"wp:attachment":[{"href":"https:\/\/tasunka.pl\/index.php?rest_route=%2Fwp%2Fv2%2Fmedia&parent=296"}],"wp:term":[{"taxonomy":"product_brand","embeddable":true,"href":"https:\/\/tasunka.pl\/index.php?rest_route=%2Fwp%2Fv2%2Fproduct_brand&post=296"},{"taxonomy":"product_cat","embeddable":true,"href":"https:\/\/tasunka.pl\/index.php?rest_route=%2Fwp%2Fv2%2Fproduct_cat&post=296"},{"taxonomy":"product_tag","embeddable":true,"href":"https:\/\/tasunka.pl\/index.php?rest_route=%2Fwp%2Fv2%2Fproduct_tag&post=296"}],"curies":[{"name":"wp","href":"https:\/\/api.w.org\/{rel}","templated":true}]}}