{"id":294,"date":"2025-12-18T11:36:47","date_gmt":"2025-12-18T10:36:47","guid":{"rendered":"https:\/\/tasunka.pl\/?post_type=product&#038;p=294"},"modified":"2026-01-06T11:30:20","modified_gmt":"2026-01-06T10:30:20","slug":"bransoletka-spokoj-harmonia-rownowaga","status":"publish","type":"product","link":"https:\/\/tasunka.pl\/?product=bransoletka-spokoj-harmonia-rownowaga","title":{"rendered":"Bransoletka Spok\u00f3j, Harmonia, R\u00f3wnowaga"},"content":{"rendered":"<p class=\"gwpf52aed1c_p3\"><span class=\"gwpf52aed1c_s5\">Bransoletka intencyjna <strong>Spok\u00f3j, Harmonia, R\u00f3wnowaga<\/strong><br \/>\nKamienie:<strong> Kwarc R\u00f3\u017cowy \u2022 Cytryn \u2022 Awenturyn<\/strong><\/span><\/p>\n<p class=\"gwpf52aed1c_p3\"><span class=\"gwpf52aed1c_s3\">Zatrzymaj si\u0119. Odetchnij. Otw\u00f3rz si\u0119 na wewn\u0119trzny spok\u00f3j i \u0142agodno\u015b\u0107.<br \/>\n<\/span><span class=\"gwpf52aed1c_s3\">Stworzona z my\u015bl\u0105 o tych, kt\u00f3rzy pragn\u0105 przywr\u00f3ci\u0107 balans, odnale\u017a\u0107 cisz\u0119 w \u015brodku dnia i spojrze\u0107 \u0142agodnie na siebie i \u015bwiat. Trzy kamienie \u2014 trzy energie, kt\u00f3re wspieraj\u0105 harmoni\u0119 serca i umys\u0142u:<\/span><\/p>\n<p class=\"gwpf52aed1c_p3\"><span class=\"gwpf52aed1c_s3\">\ud83c\udf38\u00a0<\/span><strong><span class=\"gwpf52aed1c_s2\">Kwarc R\u00f3\u017cowy<\/span><\/strong><span class=\"gwpf52aed1c_s3\">\u00a0\u2013 kamie\u0144 mi\u0142o\u015bci w\u0142asnej i emocjonalnego ukojenia. Pomaga \u0142agodzi\u0107 napi\u0119cia, otwiera serce i przynosi g\u0142\u0119bok\u0105 czu\u0142o\u015b\u0107 wobec siebie i innych.<br \/>\n<\/span><span class=\"gwpf52aed1c_s3\">\ud83d\udfe1\u00a0<\/span><strong><span class=\"gwpf52aed1c_s2\">Cytryn<\/span><\/strong><span class=\"gwpf52aed1c_s3\">\u00a0\u2013 promie\u0144 wewn\u0119trznego \u015bwiat\u0142a. Wzmacnia poczucie warto\u015bci, przynosi optymizm i uczy dostrzega\u0107 pi\u0119kno w codziennych chwilach.<br \/>\n<\/span><span class=\"gwpf52aed1c_s3\">\ud83d\udfe2\u00a0<\/span><strong><span class=\"gwpf52aed1c_s2\">Awenturyn<\/span><\/strong><span class=\"gwpf52aed1c_s3\">\u00a0\u2013 kamie\u0144 spokoju i emocjonalnej r\u00f3wnowagi. Wycisza nerwy, pomaga spojrze\u0107 z dystansem i wspiera wewn\u0119trzne odpr\u0119\u017cenie.<br \/>\n<\/span><span class=\"gwpf52aed1c_s3\">Noszona z intencj\u0105 \u0142agodno\u015bci, bransoletka\u00a0<\/span><strong><span class=\"gwpf52aed1c_s2\">Spok\u00f3j, Harmonia, R\u00f3wnowaga<\/span><\/strong><span class=\"gwpf52aed1c_s3\">\u00a0mo\u017ce towarzyszy\u0107 Ci ka\u017cdego dnia \u2014 przypominaj\u0105c, \u017ce prawdziwa si\u0142a p\u0142ynie z ciszy, a harmonia zaczyna si\u0119 od \u015brodka.<\/span><\/p>\n","protected":false},"excerpt":{"rendered":"<p>Bransoletka z intencj\u0105<br \/>\nSpok\u00f3j, Harmonia, R\u00f3wnowaga<\/p>\n<p class=\"gwpadee94ec_p3\"><span class=\"gwpadee94ec_s2\">Kwarc r\u00f3\u017cowy, Cytryn, Awenturyn<br \/>\nBransoletka na lince z zapi\u0119ciem makramowym<\/span><\/p>\n<p>Wykonanie:<br \/>\nKamienie naturalne<br \/>\nElementy ze stali szlachetnej poz\u0142acanej<\/p>\n<p class=\"gwpadee94ec_p3\">\n","protected":false},"featured_media":231,"comment_status":"open","ping_status":"closed","template":"","meta":[],"product_brand":[17],"product_cat":[21],"product_tag":[23,25,26,24],"class_list":{"0":"post-294","1":"product","2":"type-product","3":"status-publish","4":"has-post-thumbnail","6":"product_brand-tasunka","7":"product_cat-bizuteria-z-intencja","8":"product_tag-bizuteria","9":"product_tag-bizuteria-z-intencja","10":"product_tag-bransoletki","11":"product_tag-kamienie-naturalne","13":"first","14":"instock","15":"taxable","16":"shipping-taxable","17":"purchasable","18":"product-type-simple"},"jetpack_sharing_enabled":true,"_links":{"self":[{"href":"https:\/\/tasunka.pl\/index.php?rest_route=\/wp\/v2\/product\/294","targetHints":{"allow":["GET"]}}],"collection":[{"href":"https:\/\/tasunka.pl\/index.php?rest_route=\/wp\/v2\/product"}],"about":[{"href":"https:\/\/tasunka.pl\/index.php?rest_route=\/wp\/v2\/types\/product"}],"replies":[{"embeddable":true,"href":"https:\/\/tasunka.pl\/index.php?rest_route=%2Fwp%2Fv2%2Fcomments&post=294"}],"wp:featuredmedia":[{"embeddable":true,"href":"https:\/\/tasunka.pl\/index.php?rest_route=\/wp\/v2\/media\/231"}],"wp:attachment":[{"href":"https:\/\/tasunka.pl\/index.php?rest_route=%2Fwp%2Fv2%2Fmedia&parent=294"}],"wp:term":[{"taxonomy":"product_brand","embeddable":true,"href":"https:\/\/tasunka.pl\/index.php?rest_route=%2Fwp%2Fv2%2Fproduct_brand&post=294"},{"taxonomy":"product_cat","embeddable":true,"href":"https:\/\/tasunka.pl\/index.php?rest_route=%2Fwp%2Fv2%2Fproduct_cat&post=294"},{"taxonomy":"product_tag","embeddable":true,"href":"https:\/\/tasunka.pl\/index.php?rest_route=%2Fwp%2Fv2%2Fproduct_tag&post=294"}],"curies":[{"name":"wp","href":"https:\/\/api.w.org\/{rel}","templated":true}]}}