{"id":204,"date":"2025-12-16T13:41:08","date_gmt":"2025-12-16T12:41:08","guid":{"rendered":"https:\/\/tasunka.pl\/?post_type=product&#038;p=204"},"modified":"2026-01-06T11:31:13","modified_gmt":"2026-01-06T10:31:13","slug":"bransoletka-odwaga-i-ochrona","status":"publish","type":"product","link":"https:\/\/tasunka.pl\/?product=bransoletka-odwaga-i-ochrona","title":{"rendered":"Bransoletka Odwaga i Ochrona"},"content":{"rendered":"<p class=\"gwpf52aed1c_p3\"><span class=\"gwpf52aed1c_s2\">Bransoletka z kamieni naturalnych: <strong>Odwaga i Ochrona<\/strong><br \/>\nKamienie: <strong>Czarny turmalin \u2022 Cytryn \u2022 Tygrysie oko<\/strong><\/span><\/p>\n<p class=\"gwpf52aed1c_p3\"><span class=\"gwpf52aed1c_s3\"><strong>Odwaga<\/strong>, kt\u00f3ra p\u0142ynie z wn\u0119trza. <strong>Ochrona<\/strong>, kt\u00f3ra otula jak tarcza.<br \/>\n<\/span><span class=\"gwpf52aed1c_s3\">Zaprojektowana z my\u015bl\u0105 o osobach, kt\u00f3re potrzebuj\u0105 pewno\u015bci siebie, stabilno\u015bci i energetycznego wsparcia w codziennych wyzwaniach. Ta bransoletka \u0142\u0105czy w sobie trzy wyj\u0105tkowe kamienie naturalne \u2014 ka\u017cdy z nich niesie inn\u0105, niezwykle warto\u015bciow\u0105 energi\u0119:<\/span><\/p>\n<p class=\"gwpf52aed1c_p3\"><span class=\"gwpf52aed1c_s3\">\u26ab\u00a0<\/span><strong><span class=\"gwpf52aed1c_s2\">Czarny turmalin<\/span><\/strong><span class=\"gwpf52aed1c_s3\">\u00a0\u2013 jeden z najsilniejszych kamieni ochronnych. Tworzy barier\u0119 przed negatywn\u0105 energi\u0105, wzmacnia poczucie bezpiecze\u0144stwa i pomaga zachowa\u0107 r\u00f3wnowag\u0119 w\u015br\u00f3d trudnych emocji.<br \/>\n<\/span><span class=\"gwpf52aed1c_s3\">\ud83d\udfe1\u00a0<\/span><strong><span class=\"gwpf52aed1c_s2\">Cytryn<\/span><\/strong><span class=\"gwpf52aed1c_s3\">\u00a0\u2013 kamie\u0144 odwagi, pewno\u015bci siebie i jasno\u015bci umys\u0142u. Dodaje si\u0142y do dzia\u0142ania, wnosi optymizm i pomaga patrze\u0107 na \u015bwiat z perspektywy mo\u017cliwo\u015bci, a nie ogranicze\u0144.<br \/>\n<\/span><span class=\"gwpf52aed1c_s3\">\ud83d\udc05\u00a0<\/span><strong><span class=\"gwpf52aed1c_s2\">Tygrysie oko<\/span><\/strong><span class=\"gwpf52aed1c_s3\">\u00a0\u2013 symbol determinacji, wytrwa\u0142o\u015bci i ugruntowania. Wspiera w podejmowaniu decyzji, dodaje wewn\u0119trznej si\u0142y i pomaga stawia\u0107 granice.<br \/>\n<\/span><span class=\"gwpf52aed1c_s3\">Noszona z intencj\u0105 odwagi i ochrony, bransoletka \u201e<strong>Odwaga i Ochrona<\/strong>\u201d mo\u017ce sta\u0107 si\u0119 Twoim osobistym talizmanem \u2014 wspieraj\u0105cym w pewnym, \u015bwiadomym dzia\u0142aniu i dbaniu o w\u0142asn\u0105 przestrze\u0144 energetyczn\u0105.<\/span><\/p>\n","protected":false},"excerpt":{"rendered":"<p>Bransoletka z intencj\u0105<br \/>\nOdwaga i Ochrona<\/p>\n<p class=\"gwpadee94ec_p3\"><span class=\"gwpadee94ec_s2\">Turmalin \u2022 Cytryn \u2022 Tygrysie oko<br \/>\nBransoletka na lince z zapi\u0119ciem makramowym<\/span><\/p>\n<p>Wykonanie:<br \/>\nKamienie naturalne<br \/>\nElementy ze stali szlachetnej poz\u0142acanej<\/p>\n<p class=\"gwpadee94ec_p3\">\n","protected":false},"featured_media":228,"comment_status":"open","ping_status":"closed","template":"","meta":[],"product_brand":[17],"product_cat":[21],"product_tag":[23,25,26,24],"class_list":{"0":"post-204","1":"product","2":"type-product","3":"status-publish","4":"has-post-thumbnail","6":"product_brand-tasunka","7":"product_cat-bizuteria-z-intencja","8":"product_tag-bizuteria","9":"product_tag-bizuteria-z-intencja","10":"product_tag-bransoletki","11":"product_tag-kamienie-naturalne","13":"first","14":"instock","15":"taxable","16":"shipping-taxable","17":"purchasable","18":"product-type-simple"},"jetpack_sharing_enabled":true,"_links":{"self":[{"href":"https:\/\/tasunka.pl\/index.php?rest_route=\/wp\/v2\/product\/204","targetHints":{"allow":["GET"]}}],"collection":[{"href":"https:\/\/tasunka.pl\/index.php?rest_route=\/wp\/v2\/product"}],"about":[{"href":"https:\/\/tasunka.pl\/index.php?rest_route=\/wp\/v2\/types\/product"}],"replies":[{"embeddable":true,"href":"https:\/\/tasunka.pl\/index.php?rest_route=%2Fwp%2Fv2%2Fcomments&post=204"}],"wp:featuredmedia":[{"embeddable":true,"href":"https:\/\/tasunka.pl\/index.php?rest_route=\/wp\/v2\/media\/228"}],"wp:attachment":[{"href":"https:\/\/tasunka.pl\/index.php?rest_route=%2Fwp%2Fv2%2Fmedia&parent=204"}],"wp:term":[{"taxonomy":"product_brand","embeddable":true,"href":"https:\/\/tasunka.pl\/index.php?rest_route=%2Fwp%2Fv2%2Fproduct_brand&post=204"},{"taxonomy":"product_cat","embeddable":true,"href":"https:\/\/tasunka.pl\/index.php?rest_route=%2Fwp%2Fv2%2Fproduct_cat&post=204"},{"taxonomy":"product_tag","embeddable":true,"href":"https:\/\/tasunka.pl\/index.php?rest_route=%2Fwp%2Fv2%2Fproduct_tag&post=204"}],"curies":[{"name":"wp","href":"https:\/\/api.w.org\/{rel}","templated":true}]}}