{"id":830,"date":"2026-03-16T00:12:32","date_gmt":"2026-03-15T23:12:32","guid":{"rendered":"https:\/\/tasunka.pl\/?page_id=830"},"modified":"2026-03-19T23:29:46","modified_gmt":"2026-03-19T22:29:46","slug":"elementor-strona-830","status":"publish","type":"page","link":"https:\/\/tasunka.pl\/?page_id=830","title":{"rendered":"Dostawa i zwroty"},"content":{"rendered":"\t\t<div data-elementor-type=\"wp-page\" data-elementor-id=\"830\" class=\"elementor elementor-830\" data-elementor-post-type=\"page\">\n\t\t\t\t<div class=\"elementor-element elementor-element-b560ecc e-flex e-con-boxed e-con e-parent\" data-id=\"b560ecc\" data-element_type=\"container\">\n\t\t\t\t\t<div class=\"e-con-inner\">\n\t\t\t\t<div class=\"elementor-element elementor-element-ce92a23 elementor-widget elementor-widget-text-editor\" data-id=\"ce92a23\" data-element_type=\"widget\" data-widget_type=\"text-editor.default\">\n\t\t\t\t\t\t\t\t\t<h1 data-section-id=\"10t5mrt\" data-start=\"283\" data-end=\"305\"><span role=\"text\"><strong data-start=\"285\" data-end=\"305\">Dostawa i zwroty<\/strong><\/span><\/h1><h2 data-section-id=\"p13x5q\" data-start=\"307\" data-end=\"317\">Dostawa<\/h2><p data-start=\"319\" data-end=\"403\">Zam\u00f3wienia realizujemy na terenie Polski za po\u015brednictwem sprawdzonych form dostawy.<\/p><p data-start=\"405\" data-end=\"424\"><strong data-start=\"405\" data-end=\"424\">Dost\u0119pne opcje:<\/strong><\/p><ul data-start=\"425\" data-end=\"519\"><li data-section-id=\"1jeoftm\" data-start=\"425\" data-end=\"446\"><p data-start=\"427\" data-end=\"446\">paczkomaty InPost<\/p><\/li><li data-section-id=\"1e10sw5\" data-start=\"447\" data-end=\"464\"><p data-start=\"449\" data-end=\"464\">kurier InPost<\/p><\/li><li data-section-id=\"s2iekg\" data-start=\"465\" data-end=\"519\"><p data-start=\"467\" data-end=\"519\">odbi\u00f3r osobisty (po wcze\u015bniejszym ustaleniu terminu)<\/p><\/li><\/ul><p data-start=\"521\" data-end=\"621\">Koszt dostawy jest ka\u017cdorazowo widoczny podczas sk\u0142adania zam\u00f3wienia i ponoszony jest przez Klienta.<\/p><p data-start=\"623\" data-end=\"813\"><strong data-start=\"623\" data-end=\"654\">Czas realizacji zam\u00f3wienia:<\/strong><br data-start=\"654\" data-end=\"657\" \/>Zam\u00f3wienia przygotowujemy w ci\u0105gu <strong data-start=\"691\" data-end=\"712\">2\u20135 dni roboczych<\/strong>, chyba \u017ce przy danym produkcie wskazano inaczej.<br data-start=\"761\" data-end=\"764\" \/>Do tego nale\u017cy doliczy\u0107 czas dostawy przewo\u017anika.<\/p><p data-start=\"815\" data-end=\"917\">Ka\u017cdy produkt przygotowywany jest z dba\u0142o\u015bci\u0105 o detale \u2014 pakowany indywidualnie i gotowy do wr\u0119czenia.<\/p><hr data-start=\"919\" data-end=\"922\" \/><h2 data-section-id=\"1d8vb6g\" data-start=\"924\" data-end=\"933\">Zwroty<\/h2><p data-start=\"935\" data-end=\"1004\">Je\u015bli z jakiego\u015b powodu zdecydujesz si\u0119 na zwrot, masz do tego prawo.<\/p><p data-start=\"1006\" data-end=\"1079\"><strong data-start=\"1006\" data-end=\"1079\">Masz 14 dni od momentu otrzymania zam\u00f3wienia na odst\u0105pienie od umowy.<\/strong><\/p><p data-start=\"1081\" data-end=\"1100\">Aby dokona\u0107 zwrotu:<\/p><ol data-start=\"1101\" data-end=\"1278\"><li data-section-id=\"3cro4h\" data-start=\"1101\" data-end=\"1166\"><p data-start=\"1104\" data-end=\"1166\">Skontaktuj si\u0119 z nami mailowo lub poprzez wiadomo\u015b\u0107 prywatn\u0105<\/p><\/li><li data-section-id=\"53ex0s\" data-start=\"1167\" data-end=\"1205\"><p data-start=\"1170\" data-end=\"1205\">Ode\u015blij produkt na wskazany adres<\/p><\/li><li data-section-id=\"1jh3y9k\" data-start=\"1206\" data-end=\"1278\"><p data-start=\"1209\" data-end=\"1278\">Produkt powinien by\u0107 w stanie nienaruszonym, bez \u015blad\u00f3w u\u017cytkowania<\/p><\/li><\/ol><p data-start=\"1280\" data-end=\"1307\">Koszt zwrotu ponosi Klient.<\/p><p data-start=\"1309\" data-end=\"1404\">Zwrot \u015brodk\u00f3w realizowany jest w ci\u0105gu maksymalnie <strong data-start=\"1360\" data-end=\"1403\">14 dni od otrzymania przesy\u0142ki zwrotnej<\/strong>.<\/p><hr data-start=\"1406\" data-end=\"1409\" \/><h2 data-section-id=\"19d3j21\" data-start=\"1411\" data-end=\"1432\">Wyj\u0105tki od zwrot\u00f3w<\/h2><p data-start=\"1434\" data-end=\"1498\">Zgodnie z obowi\u0105zuj\u0105cym prawem, zwrotowi nie podlegaj\u0105 produkty:<\/p><ul data-start=\"1500\" data-end=\"1602\"><li data-section-id=\"12vcfc\" data-start=\"1500\" data-end=\"1541\"><p data-start=\"1502\" data-end=\"1541\">wykonywane na indywidualne zam\u00f3wienie<\/p><\/li><li data-section-id=\"8b6tbl\" data-start=\"1542\" data-end=\"1561\"><p data-start=\"1544\" data-end=\"1561\">personalizowane<\/p><\/li><li data-section-id=\"1hfzmh3\" data-start=\"1562\" data-end=\"1602\"><p data-start=\"1564\" data-end=\"1602\">tworzone wed\u0142ug specyfikacji Klienta<\/p><\/li><\/ul><hr data-start=\"1604\" data-end=\"1607\" \/><h2 data-section-id=\"12dzmwk\" data-start=\"1609\" data-end=\"1622\">Reklamacje<\/h2><p data-start=\"1624\" data-end=\"1707\">Dbamy o jako\u015b\u0107 naszych produkt\u00f3w, jednak w przypadku wady masz prawo do reklamacji.<\/p><p data-start=\"1709\" data-end=\"1724\">Aby j\u0105 zg\u0142osi\u0107:<\/p><ul data-start=\"1725\" data-end=\"1845\"><li data-section-id=\"wqadv7\" data-start=\"1725\" data-end=\"1789\"><p data-start=\"1727\" data-end=\"1789\">skontaktuj si\u0119 z nami mailowo lub poprzez wiadomo\u015b\u0107 prywatn\u0105<\/p><\/li><li data-section-id=\"1gdzb9h\" data-start=\"1790\" data-end=\"1845\"><p data-start=\"1792\" data-end=\"1845\">opisz problem i \u2014 je\u015bli to mo\u017cliwe \u2014 do\u0142\u0105cz zdj\u0119cia<\/p><\/li><\/ul><p data-start=\"1847\" data-end=\"1890\">Reklamacje rozpatrujemy w ci\u0105gu <strong data-start=\"1879\" data-end=\"1889\">14 dni<\/strong>.<\/p><hr data-start=\"1892\" data-end=\"1895\" \/><h2 data-section-id=\"71p1w8\" data-start=\"1897\" data-end=\"1916\">Wa\u017cne informacje<\/h2><p data-start=\"1918\" data-end=\"1989\">Nasza bi\u017cuteria wykonywana jest r\u0119cznie z naturalnych kamieni, dlatego:<\/p><ul data-start=\"1991\" data-end=\"2173\"><li data-section-id=\"1ifkmpi\" data-start=\"1991\" data-end=\"2049\"><p data-start=\"1993\" data-end=\"2049\">ka\u017cdy egzemplarz mo\u017ce delikatnie r\u00f3\u017cni\u0107 si\u0119 od zdj\u0119cia<\/p><\/li><li data-section-id=\"b9z8vv\" data-start=\"2050\" data-end=\"2104\"><p data-start=\"2052\" data-end=\"2104\">drobne r\u00f3\u017cnice w kolorze i strukturze s\u0105 naturalne<\/p><\/li><li data-section-id=\"1qqwv7c\" data-start=\"2105\" data-end=\"2173\"><p data-start=\"2107\" data-end=\"2173\">zu\u017cycie wynikaj\u0105ce z u\u017cytkowania nie stanowi podstawy reklamacji<\/p><\/li><\/ul><p data-start=\"2175\" data-end=\"2267\">Zalecamy stosowanie si\u0119 do zasad piel\u0119gnacji, aby bi\u017cuteria zachowa\u0142a sw\u00f3j wygl\u0105d na d\u0142u\u017cej.<\/p><hr data-start=\"2269\" data-end=\"2272\" \/><p data-start=\"2332\" data-end=\"2418\">\ud83d\udcac wiadomo\u015bci prywatne (Instagram \/ Facebook)<\/p>\t\t\t\t\t\t\t\t<\/div>\n\t\t\t\t\t<\/div>\n\t\t\t\t<\/div>\n\t\t\t\t<\/div>\n\t\t","protected":false},"excerpt":{"rendered":"<p>Dostawa i zwroty Dostawa Zam\u00f3wienia realizujemy na terenie Polski za po\u015brednictwem sprawdzonych form dostawy. Dost\u0119pne opcje: paczkomaty InPost kurier InPost [&hellip;]<\/p>\n","protected":false},"author":1,"featured_media":0,"parent":0,"menu_order":0,"comment_status":"closed","ping_status":"closed","template":"","meta":{"footnotes":""},"class_list":["post-830","page","type-page","status-publish","hentry"],"jetpack_sharing_enabled":true,"_links":{"self":[{"href":"https:\/\/tasunka.pl\/index.php?rest_route=\/wp\/v2\/pages\/830","targetHints":{"allow":["GET"]}}],"collection":[{"href":"https:\/\/tasunka.pl\/index.php?rest_route=\/wp\/v2\/pages"}],"about":[{"href":"https:\/\/tasunka.pl\/index.php?rest_route=\/wp\/v2\/types\/page"}],"author":[{"embeddable":true,"href":"https:\/\/tasunka.pl\/index.php?rest_route=\/wp\/v2\/users\/1"}],"replies":[{"embeddable":true,"href":"https:\/\/tasunka.pl\/index.php?rest_route=%2Fwp%2Fv2%2Fcomments&post=830"}],"version-history":[{"count":9,"href":"https:\/\/tasunka.pl\/index.php?rest_route=\/wp\/v2\/pages\/830\/revisions"}],"predecessor-version":[{"id":863,"href":"https:\/\/tasunka.pl\/index.php?rest_route=\/wp\/v2\/pages\/830\/revisions\/863"}],"wp:attachment":[{"href":"https:\/\/tasunka.pl\/index.php?rest_route=%2Fwp%2Fv2%2Fmedia&parent=830"}],"curies":[{"name":"wp","href":"https:\/\/api.w.org\/{rel}","templated":true}]}}